{"id":1019,"date":"2020-04-01T22:54:46","date_gmt":"2020-04-01T20:54:46","guid":{"rendered":"https:\/\/www.neter.pl\/?page_id=1019"},"modified":"2020-04-01T23:03:36","modified_gmt":"2020-04-01T21:03:36","slug":"pomoc-zdalna","status":"publish","type":"page","link":"https:\/\/neter.pl\/index.php\/pomoc-zdalna\/","title":{"rendered":"Pomoc zdalna"},"content":{"rendered":"<div id=\"pl-1019\"  class=\"panel-layout\" ><div id=\"pg-1019-0\"  class=\"panel-grid panel-no-style\" ><div id=\"pgc-1019-0-0\"  class=\"panel-grid-cell\" ><div id=\"panel-1019-0-0-0\" class=\"so-panel widget widget_sow-editor panel-first-child panel-last-child\" data-index=\"0\" ><div\n\t\t\t\n\t\t\tclass=\"so-widget-sow-editor so-widget-sow-editor-base\"\n\t\t\t\n\t\t>\n<div class=\"siteorigin-widget-tinymce textwidget\">\n\t<p>W celu pobrania aplikacji <strong>AnyDesk&reg;<\/strong>\u00a0s\u0142u\u017c\u0105cej do pomocy zdalnej prosimy wej\u015b\u0107 na stron\u0119 <a href=\"http:\/\/www.anydesk.com\">www.anydesk.com<\/a><\/p>\n<\/div>\n<\/div><\/div><\/div><\/div><\/div>","protected":false},"excerpt":{"rendered":"<p>W celu pobrania aplikacji AnyDesk&reg;\u00a0s\u0142u\u017c\u0105cej do pomocy zdalnej prosimy wej\u015b\u0107 na stron\u0119 www.anydesk.com<\/p>\n","protected":false},"author":4,"featured_media":0,"parent":0,"menu_order":0,"comment_status":"closed","ping_status":"closed","template":"","meta":[],"_links":{"self":[{"href":"https:\/\/neter.pl\/index.php\/wp-json\/wp\/v2\/pages\/1019"}],"collection":[{"href":"https:\/\/neter.pl\/index.php\/wp-json\/wp\/v2\/pages"}],"about":[{"href":"https:\/\/neter.pl\/index.php\/wp-json\/wp\/v2\/types\/page"}],"author":[{"embeddable":true,"href":"https:\/\/neter.pl\/index.php\/wp-json\/wp\/v2\/users\/4"}],"replies":[{"embeddable":true,"href":"https:\/\/neter.pl\/index.php\/wp-json\/wp\/v2\/comments?post=1019"}],"version-history":[{"count":5,"href":"https:\/\/neter.pl\/index.php\/wp-json\/wp\/v2\/pages\/1019\/revisions"}],"predecessor-version":[{"id":1025,"href":"https:\/\/neter.pl\/index.php\/wp-json\/wp\/v2\/pages\/1019\/revisions\/1025"}],"wp:attachment":[{"href":"https:\/\/neter.pl\/index.php\/wp-json\/wp\/v2\/media?parent=1019"}],"curies":[{"name":"wp","href":"https:\/\/api.w.org\/{rel}","templated":true}]}}