{"id":114,"date":"2015-07-06T13:05:48","date_gmt":"2015-07-06T11:05:48","guid":{"rendered":"https:\/\/www.neter.pl\/wordpress\/?page_id=114"},"modified":"2020-02-21T17:01:28","modified_gmt":"2020-02-21T16:01:28","slug":"dom-4","status":"publish","type":"page","link":"https:\/\/neter.pl\/index.php\/dom-4\/","title":{"rendered":"INTERNET"},"content":{"rendered":"<div id=\"pl-114\"  class=\"panel-layout\" ><div id=\"pg-114-0\"  class=\"panel-grid panel-no-style\" ><div id=\"pgc-114-0-0\"  class=\"panel-grid-cell\" ><div id=\"panel-114-0-0-0\" class=\"so-panel widget widget_sow-editor panel-first-child panel-last-child\" data-index=\"0\" ><div\n\t\t\t\n\t\t\tclass=\"so-widget-sow-editor so-widget-sow-editor-base\"\n\t\t\t\n\t\t><h3 class=\"widget-title\">Internet \u015awiat\u0142owodowy lub Radiowy w Twoim domu<\/h3>\n<div class=\"siteorigin-widget-tinymce textwidget\">\n\t<p>Nasza firma wyr\u00f3\u017cnia si\u0119 spo\u015br\u00f3d innych\u00a0operator\u00f3w przede wszystkim tym, \u017ce dbamy o zadowolenie naszego Klienta. Ca\u0142y czas podnosimy standardy oraz jako\u015b\u0107 naszych us\u0142ug \u017ceby wychodzi\u0107 naprzeciw oczekiwaniom naszych Klient\u00f3w. Oferujemy Internet w r\u00f3\u017cnej technologii w zale\u017cno\u015bci od mo\u017cliwo\u015bci technicznych.<\/p>\n<p>W celu zapewnienia Pa\u0144stwu bezpiecze\u0144stwa przy korzystaniu z Internetu oferujemy oprogramowanie G DATA.<\/p>\n<p><a href=\"https:\/\/www.neter.pl\/wp-content\/uploads\/2015\/07\/gdata.png\"><img loading=\"lazy\" class=\"alignnone  wp-image-978\" src=\"https:\/\/www.neter.pl\/wp-content\/uploads\/2015\/07\/gdata.png\" alt=\"\" width=\"107\" height=\"80\" \/><\/a><a href=\"https:\/\/www.neter.pl\/wp-content\/uploads\/2015\/07\/gdata2.jpg\"><img loading=\"lazy\" class=\"alignnone  wp-image-979\" src=\"https:\/\/www.neter.pl\/wp-content\/uploads\/2015\/07\/gdata2.jpg\" alt=\"\" width=\"116\" height=\"74\" \/><\/a><\/p>\n<p>\u00a0<\/p>\n<\/div>\n<\/div><\/div><\/div><\/div><div id=\"pg-114-1\"  class=\"panel-grid panel-no-style\" ><div id=\"pgc-114-1-0\"  class=\"panel-grid-cell\" ><div id=\"panel-114-1-0-0\" class=\"so-panel widget widget_text panel-first-child panel-last-child\" data-index=\"1\" ><h3 class=\"widget-title\">Po pierwsze \u015awiat\u0142ow\u00f3d<\/h3>\t\t\t<div class=\"textwidget\">Czyli obecnie najlepszy i najbardziej po\u017c\u0105dany spos\u00f3b dostarczania \u0142\u0105cza pozwalaj\u0105cy na transfer do 500Mb\/s dla u\u017cytkownika oraz daj\u0105cy mo\u017cliwo\u015b\u0107 uruchomienia Telewizji \u015awiat\u0142owodowej.<\/div>\n\t\t<\/div><\/div><div id=\"pgc-114-1-1\"  class=\"panel-grid-cell\" ><div id=\"panel-114-1-1-0\" class=\"so-panel widget widget_text panel-first-child panel-last-child\" data-index=\"2\" ><h3 class=\"widget-title\">Po drugie internet Radiowy<\/h3>\t\t\t<div class=\"textwidget\">W technologii 5G (N\/AC) - nie nale\u017cy myli\u0107 go z internetem oferowanym przez sieci kom\u00f3rkowe bo jego jako\u015b\u0107 i pr\u0119dko\u015b\u0107 jest niepor\u00f3wnywalnie lepsza w\u0142a\u015bnie ze wzgl\u0119du na zastosowan\u0105 technologi\u0119 oraz urz\u0105dzenia udost\u0119pniane Pa\u0144stwu przez nasz\u0105 firm\u0119 do jego odbioru. <\/div>\n\t\t<\/div><\/div><\/div><div id=\"pg-114-2\"  class=\"panel-grid panel-no-style\" ><div id=\"pgc-114-2-0\"  class=\"panel-grid-cell\" ><div id=\"panel-114-2-0-0\" class=\"so-panel widget widget_sow-price-table panel-first-child panel-last-child\" data-index=\"3\" ><div\n\t\t\t\n\t\t\tclass=\"so-widget-sow-price-table so-widget-sow-price-table-atom-4130295919f6-114\"\n\t\t\t\n\t\t>\n<h3 class=\"widget-title\">Oferta na INTERNET \u015aWIAT\u0141OWODOWY<\/h3>\n<div class=\"ow-pt-columns-atom\">\n\n\t        <div class=\"ow-pt-column ow-pt-first ow-pt-even\"\n             style=\"width: 25%\">\n            <div class=\"ow-pt-title\">\n\t\t\t\tInternet 50 Mb\/s\t\t\t\t                    <div class=\"ow-pt-subtitle\">BEZ LIMITU DANYCH<\/div>            <\/div>\n\n            <div class=\"ow-pt-details\">\n                <div class=\"ow-pt-price\">35 z\u0142<\/div>\n                <div class=\"ow-pt-per\">mc<\/div>\n            <\/div>\n\n\t\t\t\n            <div class=\"ow-pt-features\">\n\t\t\t\t            <\/div>\n\n\t\t\t                <div class=\"ow-pt-button\">\n                    <a href=''\n                       class=\"ow-pt-link\" >Zamawiam<\/a>\n                <\/div>\n\t\t\t        <\/div>\n\t        <div class=\"ow-pt-column ow-pt-odd\"\n             style=\"width: 25%\">\n            <div class=\"ow-pt-title\">\n\t\t\t\tInternet 150 Mb\/s\t\t\t\t                    <div class=\"ow-pt-subtitle\">BEZ LIMITU DANYCH<\/div>            <\/div>\n\n            <div class=\"ow-pt-details\">\n                <div class=\"ow-pt-price\">45 z\u0142<\/div>\n                <div class=\"ow-pt-per\">mc<\/div>\n            <\/div>\n\n\t\t\t\n            <div class=\"ow-pt-features\">\n\t\t\t\t            <\/div>\n\n\t\t\t                <div class=\"ow-pt-button\">\n                    <a href=''\n                       class=\"ow-pt-link\" >Zamawiam<\/a>\n                <\/div>\n\t\t\t        <\/div>\n\t        <div class=\"ow-pt-column ow-pt-even\"\n             style=\"width: 25%\">\n            <div class=\"ow-pt-title\">\n\t\t\t\tInternet 300 Mb\/s\t\t\t\t                    <div class=\"ow-pt-subtitle\">BEZ LIMITU DANYCH<\/div>            <\/div>\n\n            <div class=\"ow-pt-details\">\n                <div class=\"ow-pt-price\">55 z\u0142<\/div>\n                <div class=\"ow-pt-per\">mc<\/div>\n            <\/div>\n\n\t\t\t\n            <div class=\"ow-pt-features\">\n\t\t\t\t            <\/div>\n\n\t\t\t                <div class=\"ow-pt-button\">\n                    <a href=''\n                       class=\"ow-pt-link\" >Zamawiam<\/a>\n                <\/div>\n\t\t\t        <\/div>\n\t        <div class=\"ow-pt-column ow-pt-last ow-pt-odd\"\n             style=\"width: 25%\">\n            <div class=\"ow-pt-title\">\n\t\t\t\tInternet 500 Mb\/s\t\t\t\t                    <div class=\"ow-pt-subtitle\">BEZ LIMITU DANYCH<\/div>            <\/div>\n\n            <div class=\"ow-pt-details\">\n                <div class=\"ow-pt-price\">69 z\u0142<\/div>\n                <div class=\"ow-pt-per\">mc<\/div>\n            <\/div>\n\n\t\t\t\n            <div class=\"ow-pt-features\">\n\t\t\t\t            <\/div>\n\n\t\t\t                <div class=\"ow-pt-button\">\n                    <a href=''\n                       class=\"ow-pt-link\" >Zamawiam<\/a>\n                <\/div>\n\t\t\t        <\/div>\n\t\n\n\t\n<\/div>\n<\/div><\/div><\/div><\/div><div id=\"pg-114-3\"  class=\"panel-grid panel-no-style\" ><div id=\"pgc-114-3-0\"  class=\"panel-grid-cell\" ><div id=\"panel-114-3-0-0\" class=\"so-panel widget widget_text panel-first-child panel-last-child\" data-index=\"4\" ><h3 class=\"widget-title\">Oferta na INTERNET RADIOWY w technologii 5G (N\/AC)<\/h3>\t\t\t<div class=\"textwidget\"><div class=\"ptsTableFrontedShell\">\r\n\t<!-- Style to display all tables correct-->\r\n\t<!-- this block will be remove in frontend.tables.editor.block.base after init -->\r\n\t<div class=\"ptsPreDisplayStyle\">\r\n\t\t<style>\r\n\t\t\t.ptsBlock {\r\n\t\t\t\topacity: 0;\r\n\t\t\t\tvisibility: hidden;\r\n\t\t\t}\r\n\t\t<\/style>\r\n\t<\/div>\r\n\t<div id=\"ptsBlock_468336\" data-original-id=\"4\" class=\"ptsBlock \" data-id=\"18\">\n\t\t\t<style type=\"text\/css\" class=\"ptsBlockStyle\">#ptsBlock_468336 {\twidth:500px;  text-transform: uppercase;\n}\n#ptsBlock_468336 .ptsCol {  \t\twidth:33.333333333333%;  transition: box-shadow 0.25 ease 0;\n}\n#ptsBlock_468336 p {\n\tmargin: 0;\n}\n#ptsBlock_468336 .ptsCell{\n\tpadding: 12px;\n\ttext-transform: none;\n\t\n    border: 1px solid#444444;\n    border-bottom: 1px solid#111111;\n    border-right: 1px solid#111111;\n    box-shadow: 0 1px 2px rgba(0,0,0,0.15);\n    text-shadow: 0 -1px rgba(0,0,0,0.6);\n}\n#ptsBlock_468336 .ptsColHeader {\n\tpadding: 15px;\n}\n#ptsBlock_468336 .ptsColDesc {\n\tpadding: 30px 15px;\n}\n#ptsBlock_468336 .ptsCell:nth-child(odd) {\n\tbackground-color:#333333;\n}\n#ptsBlock_468336 .ptsCell:nth-child(even) {\n\tbackground-color:#272727;\n}\n#ptsBlock_468336 .ptsColFooter {\n\tbackground-color:#1c1c1c;\n\tpadding: 20px;\n\tborder: 1px solid#000000;\n    box-shadow: inset 0 1px#353535,inset 0 0 0 1px rgba(255,255,255,0.1);\n\t\n\t\/* gradient *\/\n\tbackground-image: linear-gradient(top,#1c1c1c,#070707); \/* W3C *\/\n\tfilter: progid:DXImageTransform.Microsoft.gradient(startColorstr='#1c1c1c', endColorstr='#070707'); \/* IE5.5 - 7 *\/\n\t-ms-filter: progid:DXImageTransform.Microsoft.gradient(startColorstr='#1c1c1c', endColorstr='#070707'); \/* IE8 *\/\n\tbackground: -ms-linear-gradient(top,#1c1c1c,#070707); \/* IE9 *\/\n\tbackground: -moz-linear-gradient(top,#1c1c1c,#070707); \/* Firefox *\/ \n\tbackground: -o-linear-gradient(top,#1c1c1c,#070707); \/* Opera 11  *\/\n\tbackground: -webkit-linear-gradient(top,#1c1c1c,#070707); \/* Chrome 11  *\/\n\tbackground: -webkit-gradient(linear, left top, left bottom, color-stop(0,#1c1c1c), color-stop(1,#070707)); \/* Chrome 10, Safari *\/\n}\n#ptsBlock_468336 .ptsActBtn:hover {\n\t background-color:#a1a1a1; \/* background color for non-css3 browsers *\/\n}\n#ptsBlock_468336 .ptsActBtn {\n\theight: 50px;\n\tpadding: 0 2em;\n\tcursor: pointer;\n\tfont-weight: 400;\n    font-size: 1.4em;\n    text-decoration: none;\n\tdisplay: inline-block;\n  \tpadding: 4px 20px;\n  \twidth: 100%;\n  \tborder-radius: 3px;\n}\n\n#ptsBlock_468336 .ptsActBtn .ptsEditArea {\n  \ttext-decoration: none !important;\n  \tborder: none !important;\n\twidth: 100%;\n\ttext-transform: none;\n\tline-height: 2em;\n\tcolor: #fff;\n}\n#ptsBlock_468336 .ptsTableDescCol {}\n#ptsBlock_468336 .ptsCol .ptsTableElementContent,\n#ptsBlock_468336 .ptsCol .ptsTableElementContent span {\n\ttransition: box-shadow 0.3s ease, margin 0.3s ease, font 0.3s ease;\n  \t-webkit-transition: box-shadow 0.3s ease, margin 0.3s ease, font 0.3s ease;\n    -moz-transition: box-shadow 0.3s ease, margin 0.3s ease, font 0.3s ease;\n    -ms-transition: box-shadow 0.3s ease, margin 0.3s ease, font 0.3s ease;\n    -o-transition: box-shadow 0.3s ease, margin 0.3s ease, font 0.3s ease;\n}\n#ptsBlock_468336 .ptsCol.hover .ptsTableElementContent {\n\tz-index: 101;\n  \tbox-shadow: 5px 0 30px rgba(0, 0, 0, 0.5);\n  \t-webkit-box-shadow: 5px 0 30px rgba(0, 0, 0, 0.5);\n\t-moz-box-shadow: 5px 0 30px rgba(0, 0, 0, 0.5);\n\tmargin-top: -20px;\n}\n#ptsBlock_468336 .ptsCol.hover .ptsColHeader {\n\tborder-top-left-radius: 5px;\n  \tborder-top-right-radius: 5px;\n}\n#ptsBlock_468336 .ptsCol.hover .ptsColFooter {\n\tborder-bottom-left-radius: 5px;\n  \tborder-bottom-right-radius: 5px;\n}\n\n\/*start for desc col color *\/\n#ptsBlock_468336 .ptsCol.ptsTableDescCol  .ptsColHeader {\n\tbackground-color: #fff;\n}\n#ptsBlock_468336 .ptsCol.ptsTableDescCol .ptsColDesc{\n\tbackground-color: #fff;\n}\n\/*end for desc col color *\/\n\n\/*start for col color 1*\/\n#ptsBlock_468336 .ptsCol-1 .ptsColHeader {\n\tbackground-color: #ed8000;\n}\n#ptsBlock_468336 .ptsCol-1 .ptsColDesc,\n#ptsBlock_468336 .ptsCol-1 .ptsActBtn:hover {\n\tbackground-color: #f19300;\n}\n#ptsBlock_468336 .ptsCol-1 .ptsActBtn {\n\tbackground-color: #ed8000;\n}\n\/*end for col color 1*\/\n\n\/*start for col color 2*\/\n#ptsBlock_468336 .ptsCol-2 .ptsColHeader {\n\tbackground-color: #D85200;\n}\n#ptsBlock_468336 .ptsCol-2 .ptsColDesc,\n#ptsBlock_468336 .ptsCol-2 .ptsActBtn:hover {\n\tbackground-color: #E06400;\n}\n#ptsBlock_468336 .ptsCol-2 .ptsActBtn {\n\tbackground-color: #D85200;\n}\n\/*end for col color 2*\/\n\n\/*start for col color 3*\/\n#ptsBlock_468336 .ptsCol-3 .ptsColHeader {\n\tbackground-color: #B5280B;\n}\n#ptsBlock_468336 .ptsCol-3 .ptsColDesc,\n#ptsBlock_468336 .ptsCol-3 .ptsActBtn:hover {\n\tbackground-color: #C3350F;\n}\n#ptsBlock_468336 .ptsCol-3 .ptsActBtn {\n\tbackground-color: #B5280B;\n}\n\/*end for col color 3*\/\n\n\/*Colors set*\/\n#ptsBlock_468336 .ptsCol .ptsColHeader {\n  \tcolor:#fff;\n}\n#ptsBlock_468336 .ptsCol .ptsColDesc {\n  \tcolor:#fff;\n}\n#ptsBlock_468336 .ptsCol .ptsRows {\n  \tcolor:#d0d0d0;\n}\n<\/style>\n\t\t\t\t<div class=\"ptsBlockContent\"><div class=\"ptsContainer\">\n<div class=\"ptsColsWrapper ui-sortable\">\n<div class=\"ptsEl ptsCol ptsCol-0 ptsTableDescCol ptsElWithArea\" data-el=\"table_col_desc\" data-color=\"#fff\" style=\"width: 33%;\">\n    <div class=\"ptsTableElementContent ptsElArea\">\n        <div class=\"ptsColHeader\" style=\"height: 50px;\">\n            <div class=\"ptsEl\" data-el=\"table_cell_txt\" data-type=\"txt\" style=\"\"><p><br><\/p><\/div>\n        <\/div>\n        <div class=\"ptsColDesc\" style=\"height: 104px; color: rgb(98, 98, 98);\">\n            <div class=\"ptsEl\" data-el=\"table_cell_txt\" data-type=\"txt\" style=\"\"><p><span style=\"font-size: 12pt;\" data-mce-style=\"font-size: 12pt;\"><strong>Pr\u0119dko\u015b\u0107 \u0142acza:<\/strong><\/span><br><\/p><\/div>\n        <\/div>\n        <div class=\"ptsRows ui-sortable\" style=\"height: auto;\">\n            <div class=\"ptsCell\" style=\"height: 51px;\">\n                <div class=\"ptsEl\" data-el=\"table_cell_txt\" data-type=\"txt\" style=\"\"><p><span style=\"font-size: 13px;\" data-mce-style=\"font-size: 13px;\"><span style=\"font-size: 14pt;\" data-mce-style=\"font-size: 14pt;\"><strong>30 Mbit<\/strong><\/span><br><\/span><\/p><\/div>\n            <\/div>\n            <div class=\"ptsCell\" style=\"height: 51px;\">\n                <div class=\"ptsEl\" data-el=\"table_cell_txt\" data-type=\"txt\" style=\"\"><p><span style=\"font-size: 14pt;\" data-mce-style=\"font-size: 14pt;\"><strong>20 Mbit<br><\/strong><\/span><\/p><\/div>\n            <\/div>\n            <div class=\"ptsCell\" style=\"height: 51px;\">\n                <div class=\"ptsEl\" data-el=\"table_cell_txt\" data-type=\"txt\" style=\"\"><p><span style=\"font-size: 14pt;\" data-mce-style=\"font-size: 14pt;\"><strong>15<\/strong><\/span><span style=\"font-size: 14pt;\" data-mce-style=\"font-size: 14pt;\"><strong> Mbit<\/strong><\/span><\/p><\/div>\n            <\/div>\n            <div class=\"ptsCell\" style=\"height: 51px;\">\n                <div class=\"ptsEl\" data-el=\"table_cell_txt\" data-type=\"txt\" style=\"\"><p><span style=\"font-size: 14pt;\" data-mce-style=\"font-size: 14pt;\"><strong>10<\/strong><\/span><span style=\"font-size: 14pt;\" data-mce-style=\"font-size: 14pt;\"><strong> Mbit<\/strong><\/span><\/p><\/div>\n            <\/div>\n            <div class=\"ptsCell\" style=\"height: 51px;\">\n                <div class=\"ptsEl\" data-el=\"table_cell_txt\" data-type=\"txt\" style=\"\"><p><span style=\"font-size: 14pt;\" data-mce-style=\"font-size: 14pt;\"><strong>8 Mbit<\/strong><\/span><\/p><\/div>\n            <\/div>\n            <div class=\"ptsCell\" style=\"height: 51px;\">\n                <div class=\"ptsEl\" data-el=\"table_cell_txt\" data-type=\"txt\" style=\"\"><p><span style=\"font-size: 14pt;\" data-mce-style=\"font-size: 14pt;\"><strong>6<\/strong><\/span><span style=\"font-size: 14pt;\" data-mce-style=\"font-size: 14pt;\"><strong> Mbit<\/strong><\/span><\/p><\/div>\n            <\/div>\n            <div class=\"ptsCell\" style=\"height: 51px;\">\n                <div class=\"ptsEl\" data-el=\"table_cell_txt\" data-type=\"txt\" style=\"\"><p><strong><span style=\"font-size: 14pt;\" data-mce-style=\"font-size: 14pt;\">4<\/span><\/strong><span style=\"font-size: 14pt;\" data-mce-style=\"font-size: 14pt;\"><strong> Mbit<\/strong><\/span><\/p><\/div>\n            <\/div>\n            <div class=\"ptsCell\" style=\"height: 51px;\">\n                <div class=\"ptsEl\" data-el=\"table_cell_txt\" data-type=\"txt\" style=\"\"><p><span style=\"font-size: 14pt;\" data-mce-style=\"font-size: 14pt;\"><strong>2<\/strong><\/span><span style=\"font-size: 14pt;\" data-mce-style=\"font-size: 14pt;\"><strong> Mbit<\/strong><\/span><\/p><\/div>\n            <\/div><div class=\"ptsCell\" style=\"height: 101px;\">\n                <div class=\"ptsEl\" data-el=\"table_cell_txt\" data-type=\"txt\" style=\"\"><p><span style=\"font-size: 14pt;\" data-mce-style=\"font-size: 14pt;\"><strong>Dzier\u017cawa routera:<\/strong><\/span><span style=\"font-size: 14pt;\" data-mce-style=\"font-size: 14pt;\"><strong><br><\/strong><\/span><\/p><\/div>\n            <\/div>\n        <\/div>\n        <div class=\"ptsColFooter\" style=\"height: 130px; display: none;\"><\/div>\n    <\/div>\n<\/div>\n<div class=\"ptsEl ptsCol ptsElWithArea ptsCol-1\" data-color=\"rgb(241, 147, 0)\" data-el=\"table_col\" data-enb-color=\"1\" style=\"height: auto; width: 33%;\">\n    <div class=\"ptsTableElementContent ptsElArea\">\n        <div class=\"ptsColHeader\" style=\"height: 50px;\">\n            <div class=\"ptsEl\" data-el=\"table_cell_txt\" data-type=\"txt\" style=\"\"><p><span style=\"font-size: 13px; \" data-mce-style=\"font-size: 13px; color: #ffffff;\">STANDARD<br><\/span><\/p><\/div>\n        <\/div>\n        <div class=\"ptsColDesc\" style=\"height: 104px;\">\n            <div class=\"ptsEl\" data-el=\"table_cell_txt\" data-type=\"txt\" style=\"\"><p><strong><span style=\"font-size: 12pt;\" data-mce-style=\"font-size: 12pt;\">Umowa na 24 mC<\/span><\/strong><\/p><\/div>\n        <\/div>\n        <div class=\"ptsRows ui-sortable\" style=\"height: auto;\">\n            <div class=\"ptsCell\" style=\"height: 51px;\">\n                <div class=\"ptsEl\" data-el=\"table_cell_txt\" data-type=\"txt\" style=\"\"><p><span style=\"font-size: 13px;\" data-mce-style=\"font-size: 13px;\"><span style=\"font-size: 14pt;\" data-mce-style=\"font-size: 14pt;\">85,00 z\u0142 \/ mc<\/span><br><\/span><\/p><\/div>\n            <\/div>\n            <div class=\"ptsCell\" style=\"height: 51px;\">\n                <div class=\"ptsEl\" data-el=\"table_cell_txt\" data-type=\"txt\" style=\"\"><p><span style=\"font-size: 13px;\" data-mce-style=\"font-size: 13px;\"><span style=\"font-size: 14pt;\" data-mce-style=\"font-size: 14pt;\">75,00 z\u0142 \/ mc<\/span><br><\/span><\/p><\/div>\n            <\/div>\n            <div class=\"ptsCell\" style=\"height: 51px;\">\n                <div class=\"ptsEl\" data-el=\"table_cell_txt\" data-type=\"txt\" style=\"\"><p><span style=\"font-size: 13px;\" data-mce-style=\"font-size: 13px;\"><span style=\"font-size: 14pt;\" data-mce-style=\"font-size: 14pt;\">65,00 z\u0142 \/ mc<\/span><br><\/span><\/p><\/div>\n            <\/div>\n            <div class=\"ptsCell\" style=\"height: 51px;\">\n                <div class=\"ptsEl\" data-el=\"table_cell_txt\" data-type=\"txt\" style=\"\"><p><span style=\"font-size: 12pt;\" data-mce-style=\"font-size: 12pt;\"><span style=\"font-size: 14pt;\" data-mce-style=\"font-size: 14pt;\">55,00 z\u0142 \/ mc<\/span><br><\/span><\/p><\/div>\n            <\/div>\n            <div class=\"ptsCell\" style=\"height: 51px;\">\n                <div class=\"ptsEl\" data-el=\"table_cell_txt\" data-type=\"txt\" style=\"\"><p><span style=\"font-size: 13px;\" data-mce-style=\"font-size: 13px;\"><span style=\"font-size: 14pt;\" data-mce-style=\"font-size: 14pt;\">50,00 z\u0142 \/ mc<\/span><br><\/span><\/p><\/div>\n            <\/div>\n            <div class=\"ptsCell\" style=\"height: 51px;\">\n                <div class=\"ptsEl\" data-el=\"table_cell_txt\" data-type=\"txt\" style=\"\"><p><span style=\"font-size: 12pt;\" data-mce-style=\"font-size: 12pt;\"><span style=\"font-size: 14pt;\" data-mce-style=\"font-size: 14pt;\">45,00 z\u0142 \/ mc<\/span><br><\/span><\/p><\/div>\n            <\/div>\n            <div class=\"ptsCell\" style=\"height: 51px;\">\n                <div class=\"ptsEl\" data-el=\"table_cell_txt\" data-type=\"txt\" style=\"\"><p><span style=\"font-size: 13px;\" data-mce-style=\"font-size: 13px;\"><span style=\"font-size: 14pt;\" data-mce-style=\"font-size: 14pt;\">40,00 z\u0142 \/ mc<\/span><br><\/span><\/p><\/div>\n            <\/div>\n            <div class=\"ptsCell\" style=\"height: 51px;\">\n                <div class=\"ptsEl\" data-el=\"table_cell_txt\" data-type=\"txt\" style=\"\"><p><span style=\"font-size: 13px;\" data-mce-style=\"font-size: 13px;\"><span style=\"font-size: 14pt;\" data-mce-style=\"font-size: 14pt;\">35,00 z\u0142 \/ mc<\/span><br><\/span><\/p><\/div>\n            <\/div><div class=\"ptsCell\" style=\"height: 101px;\">\n                <div class=\"ptsEl\" data-el=\"table_cell_txt\" data-type=\"txt\" style=\"\"><p><span style=\"font-size: 13px;\" data-mce-style=\"font-size: 13px;\"><span style=\"font-size: 14pt;\" data-mce-style=\"font-size: 14pt;\">5,00 z\u0142 \/ mc<\/span><\/span><\/p><p><span style=\"font-size: 13px;\" data-mce-style=\"font-size: 13px;\"><span style=\"font-size: 14pt;\" data-mce-style=\"font-size: 14pt;\">lub 100 z\u0142 jednorazowo<\/span><br><\/span><\/p><\/div>\n            <\/div>\n        <\/div>\n        <div class=\"ptsColFooter\" style=\"height: 130px;\">\n            <div class=\"ptsEl\" data-el=\"table_cell_txt\" data-type=\"txt\" style=\"\"><p><span style=\"font-size: 12pt;\" data-mce-style=\"font-size: 12pt;\">Op\u0142ata aktywacyjna : 100 z\u0142otych JEDNORAZOWO<br><\/span><\/p><\/div>\n        <\/div>\n    <\/div>\n<\/div>\n\n<div class=\"ptsEl ptsCol ptsElWithArea ptsCol-2\" data-color=\"rgb(224, 100, 0)\" data-el=\"table_col\" data-enb-color=\"1\" style=\"height: auto; width: 33%;\">\n    <div class=\"ptsTableElementContent ptsElArea\">\n        <div class=\"ptsColHeader\" style=\"height: 50px;\">\n            <div class=\"ptsEl\" data-el=\"table_cell_txt\" data-type=\"txt\" style=\"\"><p><span style=\"font-size: 13px; \" data-mce-style=\"font-size: 13px; color: #ffffff;\">STUDENT<\/span><\/p><\/div>\n        <\/div>\n        <div class=\"ptsColDesc\" style=\"height: 104px;\">\n            <div class=\"ptsEl\" data-el=\"table_cell_txt\" data-type=\"txt\" style=\"\"><p><strong><span style=\"font-size: 12pt;\" data-mce-style=\"font-size: 12pt;\">Umowa na 12 MC<\/span><\/strong><\/p><\/div>\n        <\/div>\n        <div class=\"ptsRows ui-sortable\" style=\"height: auto;\">\n            <div class=\"ptsCell\" style=\"height: 51px;\">\n                <div class=\"ptsEl\" data-el=\"table_cell_txt\" data-type=\"txt\" style=\"\"><p><span style=\"font-size: 14pt;\" data-mce-style=\"font-size: 14pt;\">95,00 z\u0142 \/ mc<\/span><\/p><\/div>\n            <\/div>\n            <div class=\"ptsCell\" style=\"height: 51px;\">\n                <div class=\"ptsEl\" data-el=\"table_cell_txt\" data-type=\"txt\" style=\"\"><p><span style=\"font-size: 14pt;\" data-mce-style=\"font-size: 14pt;\">85,00 z\u0142 \/ mc<br><\/span><\/p><\/div>\n            <\/div>\n            <div class=\"ptsCell\" style=\"height: 51px;\">\n                <div class=\"ptsEl\" data-el=\"table_cell_txt\" data-type=\"txt\" style=\"\"><p><span style=\"font-size: 14pt;\" data-mce-style=\"font-size: 14pt;\">75,00 z\u0142 \/ mc<\/span><\/p><\/div>\n            <\/div>\n            <div class=\"ptsCell\" style=\"height: 51px;\">\n                <div class=\"ptsEl\" data-el=\"table_cell_txt\" data-type=\"txt\" style=\"\"><p><span style=\"font-size: 14pt;\" data-mce-style=\"font-size: 14pt;\">65,00 z\u0142 \/ mc<\/span><\/p><\/div>\n            <\/div>\n            <div class=\"ptsCell\" style=\"height: 51px;\">\n                <div class=\"ptsEl\" data-el=\"table_cell_txt\" data-type=\"txt\" style=\"\"><p><span style=\"font-size: 14pt;\" data-mce-style=\"font-size: 14pt;\">60,00 z\u0142 \/&nbsp;mc<\/span><\/p><\/div>\n            <\/div>\n            <div class=\"ptsCell\" style=\"height: 51px;\">\n                <div class=\"ptsEl\" data-el=\"table_cell_txt\" data-type=\"txt\" style=\"\"><p><span style=\"font-size: 14pt;\" data-mce-style=\"font-size: 14pt;\">55,00 z\u0142 \/ mc<\/span><\/p><\/div>\n            <\/div>\n            <div class=\"ptsCell\" style=\"height: 51px;\">\n                <div class=\"ptsEl\" data-el=\"table_cell_txt\" data-type=\"txt\" style=\"\"><p><span style=\"font-size: 14pt;\" data-mce-style=\"font-size: 14pt;\">50,00 z\u0142 \/ mc<\/span><\/p><\/div>\n            <\/div>\n            <div class=\"ptsCell\" style=\"height: 51px;\">\n                <div class=\"ptsEl\" data-el=\"table_cell_txt\" data-type=\"txt\" style=\"\"><p><span style=\"font-size: 14pt;\" data-mce-style=\"font-size: 14pt;\">45,00 z\u0142 \/ mc<\/span><\/p><\/div>\n            <\/div><div class=\"ptsCell\" style=\"height: 101px;\">\n                <div class=\"ptsEl\" data-el=\"table_cell_txt\" data-type=\"txt\" style=\"\"><p><span style=\"font-size: 13px;\" data-mce-style=\"font-size: 13px;\"><span style=\"font-size: 14pt;\" data-mce-style=\"font-size: 14pt;\">5,00 z\u0142 \/ mc<\/span><\/span><\/p><p><span style=\"font-size: 13px;\" data-mce-style=\"font-size: 13px;\"><span style=\"font-size: 14pt;\" data-mce-style=\"font-size: 14pt;\">lub 100 z\u0142 jednorazowo<\/span><\/span><\/p><\/div>\n            <\/div>\n        <\/div>\n        <div class=\"ptsColFooter\" style=\"height: 130px;\">\n            <div class=\"ptsEl\" data-el=\"table_cell_txt\" data-type=\"txt\" style=\"\"><p><span style=\"font-size: 12pt;\" data-mce-style=\"font-size: 12pt;\">op\u0142ata aktywacyjna: 200 z\u0142otych JEDNORAZOWO<br><\/span><\/p><\/div>\n        <\/div>\n    <\/div>\n<\/div>\n\n\n\n\n<\/div>\n<div style=\"clear: both;\"><\/div>\n<\/div>\n\n\n\n<\/div>\n\t\t<\/div>\n<\/div>\r\n<\/div>\n\t\t<\/div><\/div><\/div><\/div>","protected":false},"excerpt":{"rendered":"<p>Nasza firma wyr\u00f3\u017cnia si\u0119 spo\u015br\u00f3d innych\u00a0operator\u00f3w przede wszystkim tym, \u017ce dbamy o zadowolenie naszego Klienta. Ca\u0142y czas podnosimy standardy oraz jako\u015b\u0107 naszych us\u0142ug \u017ceby wychodzi\u0107 naprzeciw oczekiwaniom naszych Klient\u00f3w. Oferujemy Internet w r\u00f3\u017cnej technologii w zale\u017cno\u015bci od mo\u017cliwo\u015bci technicznych.W celu zapewnienia Pa\u0144stwu bezpiecze\u0144stwa przy korzystaniu z Internetu oferujemy oprogramowanie G DATA.\u00a0 Czyli obecnie najlepszy i [&hellip;]<\/p>\n","protected":false},"author":1,"featured_media":0,"parent":0,"menu_order":0,"comment_status":"closed","ping_status":"closed","template":"","meta":[],"_links":{"self":[{"href":"https:\/\/neter.pl\/index.php\/wp-json\/wp\/v2\/pages\/114"}],"collection":[{"href":"https:\/\/neter.pl\/index.php\/wp-json\/wp\/v2\/pages"}],"about":[{"href":"https:\/\/neter.pl\/index.php\/wp-json\/wp\/v2\/types\/page"}],"author":[{"embeddable":true,"href":"https:\/\/neter.pl\/index.php\/wp-json\/wp\/v2\/users\/1"}],"replies":[{"embeddable":true,"href":"https:\/\/neter.pl\/index.php\/wp-json\/wp\/v2\/comments?post=114"}],"version-history":[{"count":98,"href":"https:\/\/neter.pl\/index.php\/wp-json\/wp\/v2\/pages\/114\/revisions"}],"predecessor-version":[{"id":988,"href":"https:\/\/neter.pl\/index.php\/wp-json\/wp\/v2\/pages\/114\/revisions\/988"}],"wp:attachment":[{"href":"https:\/\/neter.pl\/index.php\/wp-json\/wp\/v2\/media?parent=114"}],"curies":[{"name":"wp","href":"https:\/\/api.w.org\/{rel}","templated":true}]}}