{"id":175,"date":"2015-07-08T12:52:35","date_gmt":"2015-07-08T10:52:35","guid":{"rendered":"https:\/\/www.neter.pl\/wordpress\/?page_id=175"},"modified":"2020-02-20T17:12:02","modified_gmt":"2020-02-20T16:12:02","slug":"firma","status":"publish","type":"page","link":"https:\/\/neter.pl\/index.php\/firma\/","title":{"rendered":"Oferta dedykowana dla FIRM"},"content":{"rendered":"<div id=\"pl-175\" class=\"panel-layout\">\n<div id=\"pg-175-0\" class=\"panel-grid panel-no-style\">\n<div id=\"pgc-175-0-0\" class=\"panel-grid-cell\" data-weight=\"1\">\n<div id=\"panel-175-0-0-0\" class=\"so-panel widget widget_sow-editor panel-first-child panel-last-child\" data-index=\"0\">\n<div class=\"so-widget-sow-editor so-widget-sow-editor-base\">\n<div class=\"siteorigin-widget-tinymce textwidget\">\n<p>Proponujemy Pa\u0144stwu budow\u0119, konfiguracj\u0119 i sta\u0142\u0105 obs\u0142ug\u0119 infrastruktury telekomunikacyjnej w biurze, firmie lub magazynie.<\/p>\n<p>Zapewniamy:<\/p>\n<ul>\n<li>szybki Internet \u015awiat\u0142owodowy lub Radiowy<\/li>\n<li>\u0142\u0105cza symetryczne nawet 1 Gb\/s<strong> \/<\/strong> 1 Gb\/s<\/li>\n<li>\u0142\u0105cza asymetryczne dedykowane (np. wy\u017cszy Upload ustalany indywidualnie wed\u0142ug potrzeb i mo\u017cliwo\u015bci klienta)<\/li>\n<li>publiczny adres IP<\/li>\n<li>us\u0142ugi hostingowe<\/li>\n<li>biznesowe us\u0142ugi w chmurze ( <i>private cloud<\/i>, <i>public cloud<\/i>, <i>hybrid<\/i>)<\/li>\n<li>telefon VOIP<\/li>\n<li>tworzenie i konfiguracj\u0119 sieci wewn\u0119trznej<\/li>\n<li>realizacj\u0119 indywidualnych zlece\u0144<\/li>\n<li>program antywirusowy\/pakiet bezpiecze\u0144stwa\u00a0<strong>G DATA<\/strong><\/li>\n<\/ul>\n<h1>W celu poznania szczeg\u00f3\u0142\u00f3w oferty zapraszamy<\/h1>\n<h1>do kontaktu tel. 61 666 23 00 lub\u00a0<a href=\"mailto:bok@neter.pl\">bok@neter<\/a><\/h1>\n<h2>W zale\u017cno\u015bci od wybranej opcji, poprzedzonej konsultacjami technicznymi i badaniem oczekiwa\u0144 Klienta, mo\u017cemy zbudowa\u0107 sie\u0107 od podstaw lub zmodernizowa\u0107 ju\u017c istniej\u0105c\u0105. Spos\u00f3b i technologi\u0119 przeprowadzonych prac ustalamy indywidualnie wed\u0142ug potrzeb naszego Klienta.<\/h2>\n<\/div>\n<div class=\"siteorigin-widget-tinymce textwidget\">\n<p><strong>Zapraszamy do kontaktu 61 666 23 00 lub <a href=\"mailto:bok@neter.pl\">bok@neter.pl<\/a><\/strong><\/p>\n<\/div>\n<\/div>\n<\/div>\n<\/div>\n<\/div>\n<\/div>\n","protected":false},"excerpt":{"rendered":"<p>Proponujemy Pa\u0144stwu budow\u0119, konfiguracj\u0119 i sta\u0142\u0105 obs\u0142ug\u0119 infrastruktury telekomunikacyjnej w biurze, firmie lub magazynie. Zapewniamy: szybki Internet \u015awiat\u0142owodowy lub Radiowy \u0142\u0105cza symetryczne nawet 1 Gb\/s \/ 1 Gb\/s \u0142\u0105cza asymetryczne dedykowane (np. wy\u017cszy Upload ustalany indywidualnie wed\u0142ug potrzeb i mo\u017cliwo\u015bci klienta) publiczny adres IP us\u0142ugi hostingowe biznesowe us\u0142ugi w chmurze ( private cloud, public cloud, [&hellip;]<\/p>\n","protected":false},"author":1,"featured_media":0,"parent":0,"menu_order":0,"comment_status":"closed","ping_status":"closed","template":"","meta":[],"_links":{"self":[{"href":"https:\/\/neter.pl\/index.php\/wp-json\/wp\/v2\/pages\/175"}],"collection":[{"href":"https:\/\/neter.pl\/index.php\/wp-json\/wp\/v2\/pages"}],"about":[{"href":"https:\/\/neter.pl\/index.php\/wp-json\/wp\/v2\/types\/page"}],"author":[{"embeddable":true,"href":"https:\/\/neter.pl\/index.php\/wp-json\/wp\/v2\/users\/1"}],"replies":[{"embeddable":true,"href":"https:\/\/neter.pl\/index.php\/wp-json\/wp\/v2\/comments?post=175"}],"version-history":[{"count":36,"href":"https:\/\/neter.pl\/index.php\/wp-json\/wp\/v2\/pages\/175\/revisions"}],"predecessor-version":[{"id":986,"href":"https:\/\/neter.pl\/index.php\/wp-json\/wp\/v2\/pages\/175\/revisions\/986"}],"wp:attachment":[{"href":"https:\/\/neter.pl\/index.php\/wp-json\/wp\/v2\/media?parent=175"}],"curies":[{"name":"wp","href":"https:\/\/api.w.org\/{rel}","templated":true}]}}