{"id":254,"date":"2015-07-10T13:58:26","date_gmt":"2015-07-10T11:58:26","guid":{"rendered":"https:\/\/www.neter.pl\/wordpress\/?page_id=254"},"modified":"2020-09-03T01:45:50","modified_gmt":"2020-09-02T23:45:50","slug":"pakietytv","status":"publish","type":"page","link":"https:\/\/neter.pl\/index.php\/pakietytv\/","title":{"rendered":"TELEWIZJA + INTERNET"},"content":{"rendered":"<div id=\"pl-254\"  class=\"panel-layout\" ><div id=\"pg-254-0\"  class=\"panel-grid panel-no-style\" ><div id=\"pgc-254-0-0\"  class=\"panel-grid-cell\" ><div id=\"panel-254-0-0-0\" class=\"so-panel widget widget_sow-editor panel-first-child panel-last-child\" data-index=\"0\" ><div\n\t\t\t\n\t\t\tclass=\"so-widget-sow-editor so-widget-sow-editor-base\"\n\t\t\t\n\t\t>\n<div class=\"siteorigin-widget-tinymce textwidget\">\n\t<p>Ju\u017c dzi\u015b wybierz sw\u00f3j pakiet. W ofercie dost\u0119pne s\u0105 do wyboru 4 pakiety <strong>Telewizji \u015awiat\u0142owodowej z Internetem.<\/strong><\/p>\n<p>Masz mo\u017cliwo\u015b\u0107 rozszerzenia swojego pakietu o wybrane\u00a0<strong>PAKIETY PREMIUM.<\/strong><\/p>\n<p>Wystarczy zg\u0142osi\u0107 si\u0119 do nas pod numerem 61 666 23 00 lub napisa\u0107 maila <a href=\"mailto:bok@neter.pl\">bok@neter.pl<\/a>, aby uzyska\u0107 wszelkie informacje o mo\u017cliwo\u015bci monta\u017cu w Pa\u0144stwa lokalizacji.<\/p>\n<\/div>\n<\/div><\/div><\/div><\/div><div id=\"pg-254-1\"  class=\"panel-grid panel-no-style\" ><div id=\"pgc-254-1-0\"  class=\"panel-grid-cell\" ><div id=\"panel-254-1-0-0\" class=\"so-panel widget widget_sow-editor panel-first-child panel-last-child\" data-index=\"1\" ><div\n\t\t\t\n\t\t\tclass=\"so-widget-sow-editor so-widget-sow-editor-base\"\n\t\t\t\n\t\t><h3 class=\"widget-title\">Promocyjne pakiety TELEWIZJA + INTERNET \u015aWIAT\u0141OWODOWY<\/h3>\n<div class=\"siteorigin-widget-tinymce textwidget\">\n\t<p>Wybierz dla Siebie pakiet INTERNETU. Dobierz do niego TELEWIZJ\u0118 i skorzystaj z naszej promocji !!!<\/p>\n<div class=\"ptsTableFrontedShell\">\r\n\t<!-- Style to display all tables correct-->\r\n\t<!-- this block will be remove in frontend.tables.editor.block.base after init -->\r\n\t<div class=\"ptsPreDisplayStyle\">\r\n\t\t<style>\r\n\t\t\t.ptsBlock {\r\n\t\t\t\topacity: 0;\r\n\t\t\t\tvisibility: hidden;\r\n\t\t\t}\r\n\t\t<\/style>\r\n\t<\/div>\r\n\t<div id=\"ptsBlock_873491\" data-original-id=\"3\" class=\"ptsBlock \" data-id=\"16\">\n\t\t\t<style type=\"text\/css\" class=\"ptsBlockStyle\">#ptsBlock_873491 {  width:90%;}\n#ptsBlock_873491 .ptsCol {  \t\twidth:20%;  transition: box-shadow 0.25 ease 0;\n}\n#ptsBlock_873491 .ptsColHeader,\n#ptsBlock_873491 .ptsColDesc {\n\tpadding: 10px;\n}\n#ptsBlock_873491 p {\n\tmargin: 0;\n}\n#ptsBlock_873491 .ptsCell,\n#ptsBlock_873491 .ptsColFooter {\n\tpadding: 10px 0;\n}\n#ptsBlock_873491 .ptsColHeader {\n\tbackground-color:#383838; \/* background color for non-css3 browsers *\/\n\t\/* gradient *\/\n  background-image: linear-gradient(top,#424242,#2b2b2b); \/* W3C *\/\n\tfilter: progid:DXImageTransform.Microsoft.gradient(startColorstr='#424242', endColorstr='#2b2b2b'); \/* IE5.5 - 7 *\/\n\t-ms-filter: progid:DXImageTransform.Microsoft.gradient(startColorstr='#424242', endColorstr='#2b2b2b'); \/* IE8 *\/\n\tbackground: -ms-linear-gradient(top,#424242,#2b2b2b); \/* IE9 *\/\n  background: -moz-linear-gradient(top,#424242,#2b2b2b); \/* Firefox *\/ \n\tbackground: -o-linear-gradient(top,#424242,#2b2b2b); \/* Opera 11  *\/\n\tbackground: -webkit-linear-gradient(top,#424242,#2b2b2b); \/* Chrome 11  *\/\n\tbackground: -webkit-gradient(linear, left top, left bottom, color-stop(0,#424242), color-stop(1,#2b2b2b)); \/* Chrome 10, Safari *\/\n  \n  \tborder-bottom: 1px solid#1a1a1a;\n}\n#ptsBlock_873491 .ptsColDesc {\n\tbackground-color:#383838; \/* background color for non-css3 browsers *\/\n\t\/* gradient *\/\n  background-image: linear-gradient(top,#333333,#1a1a1a); \/* W3C *\/\n\tfilter: progid:DXImageTransform.Microsoft.gradient(startColorstr='#333333', endColorstr='#1a1a1a'); \/* IE5.5 - 7 *\/\n\t-ms-filter: progid:DXImageTransform.Microsoft.gradient(startColorstr='#333333', endColorstr='#1a1a1a'); \/* IE8 *\/\n\tbackground: -ms-linear-gradient(top,#333333,#1a1a1a); \/* IE9 *\/\n  background: -moz-linear-gradient(top,#333333,#1a1a1a); \/* Firefox *\/ \n\tbackground: -o-linear-gradient(top,#333333,#1a1a1a); \/* Opera 11  *\/\n\tbackground: -webkit-linear-gradient(top,#333333,#1a1a1a); \/* Chrome 11  *\/\n\tbackground: -webkit-gradient(linear, left top, left bottom, color-stop(0,#333333), color-stop(1,#1a1a1a)); \/* Chrome 10, Safari *\/\n  \n  \tborder-top: 1px solid#474747;\n}\n#ptsBlock_873491 .ptsCell:nth-child(odd) {\n\tbackground-color:#e7e7e7;\n}\n#ptsBlock_873491 .ptsCell:nth-child(even) {\n\tbackground-color:#ffffff;\n}\n#ptsBlock_873491 .ptsCol:nth-child(odd) .ptsCell:nth-child(odd) {\n\tbackground-color:#d3d3d3;\n}\n#ptsBlock_873491 .ptsCol:nth-child(odd) .ptsCell:nth-child(even) {\n\tbackground-color:#e7e7e7;\n}\n#ptsBlock_873491 .ptsColFooter {\n \tbackground-color:#c4c4c4; \/* background color for non-css3 browsers *\/\n\t\/* gradient *\/\n\tbackground-image: linear-gradient(top,#e2e2e2,#a6a6a6); \/* W3C *\/\n\tfilter: progid:DXImageTransform.Microsoft.gradient(startColorstr='#e2e2e2', endColorstr='#a6a6a6'); \/* IE5.5 - 7 *\/\n\t-ms-filter: progid:DXImageTransform.Microsoft.gradient(startColorstr='#e2e2e2', endColorstr='#a6a6a6'); \/* IE8 *\/\n\tbackground: -ms-linear-gradient(top,#e2e2e2,#a6a6a6); \/* IE9 *\/\n\tbackground: -moz-linear-gradient(top,#e2e2e2,#a6a6a6); \/* Firefox *\/ \n\tbackground: -o-linear-gradient(top,#e2e2e2,#a6a6a6); \/* Opera 11  *\/\n\tbackground: -webkit-linear-gradient(top,#e2e2e2,#a6a6a6); \/* Chrome 11  *\/\n\tbackground: -webkit-gradient(linear, left top, left bottom, color-stop(0,#e2e2e2), color-stop(1,#a6a6a6)); \/* Chrome 10, Safari *\/\n  \n\tborder-top: 1px solid#d3d3d3;\n}\n#ptsBlock_873491 .ptsActBtn:hover {\n\t background-color:#b0b0b0; \/* background color for non-css3 browsers *\/\n\t\/* gradient *\/\n\tbackground-image: linear-gradient(top,#cecece,#929292); \/* W3C *\/\n\tfilter: progid:DXImageTransform.Microsoft.gradient(startColorstr='#cecece', endColorstr='#929292'); \/* IE5.5 - 7 *\/\n\t-ms-filter: progid:DXImageTransform.Microsoft.gradient(startColorstr='#cecece', endColorstr='#929292'); \/* IE8 *\/\n\tbackground: -ms-linear-gradient(top,#cecece,#929292); \/* IE9 *\/\n\tbackground: -moz-linear-gradient(top,#cecece,#929292); \/* Firefox *\/ \n\tbackground: -o-linear-gradient(top,#cecece,#929292); \/* Opera 11  *\/\n\tbackground: -webkit-linear-gradient(top,#cecece,#929292); \/* Chrome 11  *\/\n\tbackground: -webkit-gradient(linear, left top, left bottom, color-stop(0,#cecece), color-stop(1,#929292)); \/* Chrome 10, Safari *\/\n}\n#ptsBlock_873491 .ptsActBtn {\n\tdisplay: inline-block;\n  \tpadding: 4px 20px;\n  \tborder: 1px solid#979797;\n  \twidth: 80%;\n  \tborder-radius: 3px;\n}\n\n#ptsBlock_873491 .ptsActBtn .ptsEditArea {\n\tcolor: #444;\n  \tfont-size: 10pt; \n  \tfont-weight: bold;\n  \ttext-decoration: none !important;\n  \tborder: none !important;\n\twidth: 100%;\n}\n#ptsBlock_873491 .ptsCol:first-of-type .ptsColHeader {\n\tborder-top-left-radius: 5px;\n}\n#ptsBlock_873491 .ptsCol:last-of-type .ptsColHeader {\n\tborder-top-right-radius: 5px;\n}\n#ptsBlock_873491 .ptsCol:first-of-type .ptsColFooter {\n\tborder-bottom-left-radius: 5px;\n}\n#ptsBlock_873491 .ptsCol:last-of-type .ptsColFooter {\n\tborder-bottom-right-radius: 5px;\n}\n#ptsBlock_873491 .ptsColFooter a {\n\tcolor: #444444;\n  \ttext-decoration: none !important;\n}\n#ptsBlock_873491 .ptsTableDescCol {}\n#ptsBlock_873491 .ptsCol .ptsTableElementContent,\n#ptsBlock_873491 .ptsCol .ptsTableElementContent span {\n\ttransition: box-shadow 0.3s ease, margin 0.3s ease, font 0.3s ease;\n  \t-webkit-transition: box-shadow 0.3s ease, margin 0.3s ease, font 0.3s ease;\n    -moz-transition: box-shadow 0.3s ease, margin 0.3s ease, font 0.3s ease;\n    -ms-transition: box-shadow 0.3s ease, margin 0.3s ease, font 0.3s ease;\n    -o-transition: box-shadow 0.3s ease, margin 0.3s ease, font 0.3s ease;\n}\n#ptsBlock_873491 .ptsCol.hover .ptsTableElementContent {\n\tz-index: 101;\n  \tbox-shadow: 5px 0 30px rgba(0, 0, 0, 0.5);\n  \t-webkit-box-shadow: 5px 0 30px rgba(0, 0, 0, 0.5);\n\t-moz-box-shadow: 5px 0 30px rgba(0, 0, 0, 0.5);\n\tmargin-top: -20px;\n}\n#ptsBlock_873491 .ptsCol.hover .ptsColHeader {\n\tborder-top-left-radius: 5px;\n  \tborder-top-right-radius: 5px;\n}\n#ptsBlock_873491 .ptsCol.hover .ptsColFooter {\n\tborder-bottom-left-radius: 5px;\n  \tborder-bottom-right-radius: 5px;\n}\n\/*Colors set*\/\n#ptsBlock_873491 .ptsCol .ptsColHeader {\n  \tcolor:#808080;\n}\n#ptsBlock_873491 .ptsCol .ptsColDesc {\n  \tcolor:#808080;\n}\n#ptsBlock_873491 .ptsCol .ptsRows {\n  \tcolor:#000;\n}\n<\/style>\n\t\t\t\t<div class=\"ptsBlockContent\"><div class=\"ptsContainer\">\n\t<div class=\"ptsColsWrapper ui-sortable\">\n\t\t\t\t<div class=\"ptsEl ptsCol ptsCol-0 ptsTableDescCol ptsElWithArea\" data-el=\"table_col_desc\" data-color=\"#424242\">\n\t\t\t<div class=\"ptsTableElementContent ptsElArea\">\n\t\t\t\t<div class=\"ptsColHeader\" style=\"height: 74px;\">\n\t\t\t\t\t<div class=\"ptsEl\" data-el=\"table_cell_txt\" data-type=\"txt\" style=\"\"><p><br><\/p><p><span style=\"font-size: 12pt; color: rgb(33, 185, 158);\" data-mce-style=\"font-size: 12pt; color: #21b99e;\"> Wybierz <\/span><\/p><p><span style=\"font-size: 12pt;\" data-mce-style=\"font-size: 12pt;\"><span style=\"color: #21b99e;\" data-mce-style=\"color: #21b99e;\">pakiet telewizji <\/span>:<\/span><\/p><\/div>\n\t\t\t\t<\/div>\n\t\t\t\t<div class=\"ptsColDesc\" style=\"height: 59px;\">\n\t\t\t\t\t<div class=\"ptsEl\" data-el=\"table_cell_txt\" data-type=\"txt\" style=\"\"><p><span style=\"font-size: 12pt;\" data-mce-style=\"font-size: 12pt;\">Dobierz do niego<\/span><\/p><p><span style=\"font-size: 12pt;\" data-mce-style=\"font-size: 12pt;\">internet:<\/span><\/p><\/div>\n\t\t\t\t<\/div>\n\t\t\t\t<div class=\"ptsRows ui-sortable\" style=\"height: auto;\">\n\t\t\t\t\t\n\t\t\t\t\t<div class=\"ptsCell\" style=\"height: 42px;\">\n\t\t\t\t\t\t<div class=\"ptsEl\" data-el=\"table_cell_txt\" data-type=\"txt\" style=\"\"><p><span style=\"font-size: 14pt;\" data-mce-style=\"font-size: 14pt;\"><strong>50 Mb\/s<br><\/strong><\/span><\/p><\/div>\n\t\t\t\t\t<\/div>\n\t\t\t\t\t<div class=\"ptsCell\" style=\"height: 42px;\">\n\t\t\t\t\t\t<div class=\"ptsEl\" data-el=\"table_cell_txt\" data-type=\"txt\" style=\"\"><p><span style=\"font-size: 14pt;\" data-mce-style=\"font-size: 14pt;\"><strong>150 Mb\/s<br><\/strong><\/span><\/p><\/div>\n\t\t\t\t\t<\/div>\n\t\t\t\t\t<div class=\"ptsCell\" style=\"height: 42px;\">\n\t\t\t\t\t\t<div class=\"ptsEl\" data-el=\"table_cell_txt\" data-type=\"txt\" style=\"\"><p><span style=\"font-size: 14pt;\" data-mce-style=\"font-size: 14pt;\"><strong>300 Mb\/s<br><\/strong><\/span><\/p><\/div>\n\t\t\t\t\t<\/div><div class=\"ptsCell\" style=\"height: 42px;\">\n\t\t\t\t\t\t<div class=\"ptsEl\" data-el=\"table_cell_txt\" data-type=\"txt\" style=\"\"><p><span style=\"font-size: 14pt;\" data-mce-style=\"font-size: 14pt;\"><strong>500 Mb\/s<br><\/strong><\/span><\/p><\/div>\n\t\t\t\t\t<\/div>\n\t\t\t\t\t\n\t\t\t\t<\/div>\n\t\t\t\t<div class=\"ptsColFooter\" style=\"height: 21px;\"><\/div>\n\t\t\t<\/div>\n\t\t<\/div>\n\t\t\t\t<div class=\"ptsEl ptsCol ptsElWithArea ptsCol-1\" data-el=\"table_col\" data-color=\"#424242\" style=\"height: auto;\">\n\t\t\t<div class=\"ptsTableElementContent ptsElArea\">\n\t\t\t\t<div class=\"ptsColHeader\" style=\"height: 74px;\">\n\t\t\t\t\t<div class=\"ptsEl\" data-el=\"table_cell_txt\" data-type=\"txt\" style=\"\"><p><span style=\"font-size: 18pt;\" data-mce-style=\"font-size: 18pt;\"><strong><span style=\"color: #21b99e;\" data-mce-style=\"color: #21b99e;\">MINI<\/span><\/strong><\/span><\/p><\/div>\n\t\t\t\t<\/div>\n\t\t\t\t<div class=\"ptsColDesc\" style=\"height: 59px;\">\n\t\t\t\t\t<div class=\"ptsEl\" data-el=\"table_cell_txt\" data-type=\"txt\" style=\"\"><p><strong><span style=\"font-size: 12pt; color: #649f91;\" data-mce-style=\"font-size: 12pt; color: #649f91;\">99 kana\u0142\u00f3w <br><\/span><\/strong><\/p><p><strong><span style=\"font-size: 12pt; color: #649f91;\" data-mce-style=\"font-size: 12pt; color: #649f91;\">w tym 58 HD<\/span><\/strong><\/p><\/div>\n\t\t\t\t<\/div>\n\t\t\t\t<div class=\"ptsRows ui-sortable\" style=\"height: auto;\">\n\t\t\t\t\t\n\t\t\t\t\t<div class=\"ptsCell\" style=\"height: 42px;\">\n\t\t\t\t\t\t<div class=\"ptsEl\" data-el=\"table_cell_txt\" data-type=\"txt\" style=\"\"><p><span style=\"font-size: 16px;\" data-mce-style=\"font-size: 16px;\">Skontaktuj si\u0119 z nami<\/span><\/p><\/div>\n\t\t\t\t\t<\/div>\n\t\t\t\t\t<div class=\"ptsCell\" style=\"height: 42px;\">\n\t\t\t\t\t\t<div class=\"ptsEl\" data-el=\"table_cell_txt\" data-type=\"txt\" style=\"\"><p><span style=\" font-size: 12pt;\" data-mce-style=\"font-size: 12pt;\">85 z\u0142<br><\/span><\/p><\/div>\n\t\t\t\t\t<\/div>\n\t\t\t\t\t<div class=\"ptsCell\" style=\"height: 42px;\">\n\t\t\t\t\t\t<div class=\"ptsEl\" data-el=\"table_cell_txt\" data-type=\"txt\" style=\"\"><p><span style=\" font-size: 12pt;\" data-mce-style=\" font-size: 12pt;\">95 z\u0142<br><\/span><\/p><\/div>\n\t\t\t\t\t<\/div><div class=\"ptsCell\" style=\"height: 42px;\">\n\t\t\t\t\t\t<div class=\"ptsEl\" data-el=\"table_cell_txt\" data-type=\"txt\" style=\"\"><p><span style=\" font-size: 12pt;\" data-mce-style=\" font-size: 12pt;\">110 z\u0142<\/span><\/p><\/div>\n\t\t\t\t\t<\/div>\n\t\t\t\t\t\n\t\t\t\t<\/div>\n\t\t\t\t<div class=\"ptsColFooter\" style=\"height: 21px;\">\n\t\t\t\t\t\n\t\t\t\t<\/div>\n\t\t\t<\/div>\n\t\t<\/div>\n\t\t<div class=\"ptsEl ptsCol ptsElWithArea ptsCol-2\" data-el=\"table_col\" data-color=\"#424242\" style=\"height: auto;\">\n\t\t\t<div class=\"ptsTableElementContent ptsElArea\">\n\t\t\t\t<div class=\"ptsColHeader\" style=\"height: 74px;\">\n\t\t\t\t\t<div class=\"ptsEl\" data-el=\"table_cell_txt\" data-type=\"txt\" style=\"\"><p><span style=\"font-size: 18pt;\" data-mce-style=\"font-size: 18pt;\"><strong><span style=\"color: #21b99e;\" data-mce-style=\"color: #21b99e;\">SMART<\/span><\/strong><\/span><\/p><\/div>\n\t\t\t\t<\/div>\n\t\t\t\t<div class=\"ptsColDesc\" style=\"height: 59px;\">\n\t\t\t\t\t<div class=\"ptsEl\" data-el=\"table_cell_txt\" data-type=\"txt\" style=\"\"><p><strong><span style=\"font-size: 12pt; color: #649f91;\" data-mce-style=\"font-size: 12pt; color: #649f91;\">145 kana\u0142\u00f3w<span style=\"color: #649f91;\" data-mce-style=\"color: #649f91;\">\ufeff<\/span><br><\/span><\/strong><\/p><p><strong><span style=\"font-size: 12pt; color: #649f91;\" data-mce-style=\"font-size: 12pt; color: #649f91;\">w tym 92 HD<\/span><\/strong><\/p><\/div>\n\t\t\t\t<\/div>\n\t\t\t\t<div class=\"ptsRows ui-sortable\" style=\"height: auto;\">\n\t\t\t\t\t\n\t\t\t\t\t<div class=\"ptsCell\" style=\"height: 42px;\">\n\t\t\t\t\t\t<div class=\"ptsEl\" data-el=\"table_cell_txt\" data-type=\"txt\" style=\"\"><p><span style=\" font-size: 12pt;\" data-mce-style=\" font-size: 12pt;\"><span style=\"text-align: center;\" data-mce-style=\"text-align: center;\">Skontaktuj si\u0119 z nami<\/span><br><\/span><\/p><\/div>\n\t\t\t\t\t<\/div>\n\t\t\t\t\t<div class=\"ptsCell\" style=\"height: 42px;\">\n\t\t\t\t\t\t<div class=\"ptsEl\" data-el=\"table_cell_txt\" data-type=\"txt\" style=\"\"><p><span style=\" font-size: 12pt;\" data-mce-style=\" font-size: 12pt;\">90&nbsp;z\u0142<br><\/span><\/p><\/div>\n\t\t\t\t\t<\/div>\n\t\t\t\t\t<div class=\"ptsCell\" style=\"height: 42px;\">\n\t\t\t\t\t\t<div class=\"ptsEl\" data-el=\"table_cell_txt\" data-type=\"txt\" style=\"\"><p><span style=\" font-size: 12pt;\" data-mce-style=\" font-size: 12pt;\">100 z\u0142<br><\/span><\/p><\/div>\n\t\t\t\t\t<\/div><div class=\"ptsCell\" style=\"height: 42px;\">\n\t\t\t\t\t\t<div class=\"ptsEl\" data-el=\"table_cell_txt\" data-type=\"txt\" style=\"\"><p><span style=\" font-size: 12pt;\" data-mce-style=\" font-size: 12pt;\">115 z\u0142<br><\/span><\/p><\/div>\n\t\t\t\t\t<\/div>\n\t\t\t\t\t\n\t\t\t\t<\/div>\n\t\t\t\t<div class=\"ptsColFooter\" style=\"height: 21px;\">\n\t\t\t\t\t\n\t\t\t\t<\/div>\n\t\t\t<\/div>\n\t\t<\/div>\n\t\t<div class=\"ptsEl ptsCol ptsElWithArea ptsCol-3\" data-el=\"table_col\" data-color=\"#424242\" style=\"height: auto;\">\n\t\t\t<div class=\"ptsTableElementContent ptsElArea\">\n\t\t\t\t<div class=\"ptsColHeader\" style=\"height: 74px;\">\n\t\t\t\t\t<div class=\"ptsEl\" data-el=\"table_cell_txt\" data-type=\"txt\" style=\"\"><p><span style=\"font-size: 18pt;\" data-mce-style=\"font-size: 18pt;\"><strong><span style=\"color: #21b99e;\" data-mce-style=\"color: #21b99e;\">OPTIMUM<\/span><\/strong><\/span><\/p><\/div>\n\t\t\t\t<\/div>\n\t\t\t\t<div class=\"ptsColDesc\" style=\"height: 59px;\">\n\t\t\t\t\t<div class=\"ptsEl\" data-el=\"table_cell_txt\" data-type=\"txt\" style=\"\"><p><span style=\"font-size: 12pt; color: #649f91;\" data-mce-style=\"font-size: 12pt; color: #649f91;\"><strong>195 kana\u0142\u00f3w<\/strong><br><\/span><\/p><p><strong><span style=\"font-size: 12pt; color: #649f91;\" data-mce-style=\"font-size: 12pt; color: #649f91;\">w tym 122 HD<\/span><\/strong><\/p><\/div>\n\t\t\t\t<\/div>\n\t\t\t\t<div class=\"ptsRows ui-sortable\" style=\"height: auto;\">\n\t\t\t\t\t\n\t\t\t\t\t<div class=\"ptsCell\" style=\"height: 42px;\">\n\t\t\t\t\t\t<div class=\"ptsEl\" data-el=\"table_cell_txt\" data-type=\"txt\" style=\"\"><p><span style=\" font-size: 12pt;\" data-mce-style=\" font-size: 12pt;\"><span style=\"text-align: center;\" data-mce-style=\"text-align: center;\">Skontaktuj si\u0119 z nami<\/span><br><\/span><\/p><\/div>\n\t\t\t\t\t<\/div>\n\t\t\t\t\t<div class=\"ptsCell\" style=\"height: 42px;\">\n\t\t\t\t\t\t<div class=\"ptsEl\" data-el=\"table_cell_txt\" data-type=\"txt\" style=\"\"><p><span style=\" font-size: 12pt;\" data-mce-style=\" font-size: 12pt;\">105&nbsp;z\u0142<br><\/span><\/p><\/div>\n\t\t\t\t\t<\/div>\n\t\t\t\t\t<div class=\"ptsCell\" style=\"height: 42px;\">\n\t\t\t\t\t\t<div class=\"ptsEl\" data-el=\"table_cell_txt\" data-type=\"txt\" style=\"\"><p><span style=\" font-size: 12pt;\" data-mce-style=\" font-size: 12pt;\">115 z\u0142<br><\/span><\/p><\/div>\n\t\t\t\t\t<\/div><div class=\"ptsCell\" style=\"height: 42px;\">\n\t\t\t\t\t\t<div class=\"ptsEl\" data-el=\"table_cell_txt\" data-type=\"txt\" style=\"\"><p><span style=\" font-size: 12pt;\" data-mce-style=\" font-size: 12pt;\">130 z\u0142<br><\/span><\/p><\/div>\n\t\t\t\t\t<\/div>\n\t\t\t\t\t\n\t\t\t\t<\/div>\n\t\t\t\t<div class=\"ptsColFooter\" style=\"height: 21px;\">\n\t\t\t\t\t\n\t\t\t\t<\/div>\n\t\t\t<\/div>\n\t\t<\/div>\n\t\t<div class=\"ptsEl ptsCol ptsElWithArea ptsCol-4\" data-el=\"table_col\" data-color=\"#424242\" style=\"height: auto;\">\n\t\t\t<div class=\"ptsTableElementContent ptsElArea\">\n\t\t\t\t<div class=\"ptsColHeader\" style=\"height: 74px;\">\n\t\t\t\t\t<div class=\"ptsEl\" data-el=\"table_cell_txt\" data-type=\"txt\" style=\"\"><p><strong><span style=\"font-size: 18pt; color: #21b99e;\" data-mce-style=\"font-size: 18pt; color: #21b99e;\">PLATINUM<\/span><\/strong><\/p><\/div>\n\t\t\t\t<\/div>\n\t\t\t\t<div class=\"ptsColDesc\" style=\"height: 59px;\">\n\t\t\t\t\t<div class=\"ptsEl\" data-el=\"table_cell_txt\" data-type=\"txt\" style=\"\"><p><strong><span style=\"font-size: 12pt; color: #649f91;\" data-mce-style=\"font-size: 12pt; color: #649f91;\">231 kana\u0142\u00f3w<br><\/span><\/strong><\/p><p><strong><span style=\"font-size: 12pt; color: #649f91;\" data-mce-style=\"font-size: 12pt; color: #649f91;\">w tym 146 HD<\/span><\/strong><\/p><\/div>\n\t\t\t\t<\/div>\n\t\t\t\t<div class=\"ptsRows ui-sortable\" style=\"height: auto;\">\n\t\t\t\t\t\n\t\t\t\t\t<div class=\"ptsCell\" style=\"height: 42px;\">\n\t\t\t\t\t\t<div class=\"ptsEl\" data-el=\"table_cell_txt\" data-type=\"txt\" style=\"\"><p><span style=\" font-size: 12pt;\" data-mce-style=\" font-size: 12pt;\">Skontaktuj si\u0119 z nami<br><\/span><\/p><\/div>\n\t\t\t\t\t<\/div>\n\t\t\t\t\t<div class=\"ptsCell\" style=\"height: 42px;\">\n\t\t\t\t\t\t<div class=\"ptsEl\" data-el=\"table_cell_txt\" data-type=\"txt\" style=\"\"><p><span style=\" font-size: 12pt;\" data-mce-style=\" font-size: 12pt;\">135&nbsp;z\u0142<br><\/span><\/p><\/div>\n\t\t\t\t\t<\/div>\n\t\t\t\t\t<div class=\"ptsCell\" style=\"height: 42px;\">\n\t\t\t\t\t\t<div class=\"ptsEl\" data-el=\"table_cell_txt\" data-type=\"txt\" style=\"\"><p><span style=\" font-size: 12pt;\" data-mce-style=\" font-size: 12pt;\">145 z\u0142<br><\/span><\/p><\/div>\n\t\t\t\t\t<\/div><div class=\"ptsCell\" style=\"height: 42px;\">\n\t\t\t\t\t\t<div class=\"ptsEl\" data-el=\"table_cell_txt\" data-type=\"txt\" style=\"\"><p><span style=\" font-size: 12pt;\" data-mce-style=\" font-size: 12pt;\">160 z\u0142<br><\/span><\/p><\/div>\n\t\t\t\t\t<\/div>\n\t\t\t\t\t\n\t\t\t\t<\/div>\n\t\t\t\t<div class=\"ptsColFooter\" style=\"height: 21px;\">\n\t\t\t\t\t\n\t\t\t\t<\/div>\n\t\t\t<\/div>\n\t\t<\/div>\n\t<\/div>\n\t<div style=\"clear: both;\"><\/div>\n<\/div><\/div>\n\t\t<\/div>\n<\/div>\r\n\n<p>\u00a0<\/p>\n<p>Sprawd\u017a jakie kana\u0142y s\u0105 w pakietach w aktualnej\u00a0<a href=\"https:\/\/www.neter.pl\/wp-content\/uploads\/2020\/09\/20200901_kanaly_gwarantowane_etvplus.jpg\">li\u015bcie kana\u0142\u00f3w TV<\/a><\/p>\n<p><a href=\"https:\/\/www.neter.pl\/wp-content\/uploads\/2016\/04\/ts.png\"><img loading=\"lazy\" class=\"alignnone size-full wp-image-422\" src=\"https:\/\/www.neter.pl\/wp-content\/uploads\/2016\/04\/ts.png\" alt=\"\" width=\"151\" height=\"48\" srcset=\"https:\/\/neter.pl\/wp-content\/uploads\/2016\/04\/ts.png 151w, https:\/\/neter.pl\/wp-content\/uploads\/2016\/04\/ts-150x48.png 150w\" sizes=\"(max-width: 151px) 100vw, 151px\" \/><\/a><\/p>\n<p>Co powiesz na tak bogat\u0105 ofert\u0119? Nawet\u00a0<strong>231<\/strong>\u00a0kana\u0142y w tym a\u017c\u00a0<strong>146<\/strong>\u00a0w jako\u015bci\u00a0<strong>HD<\/strong>\u00a0!!!<\/p>\n<p>Zobacz jakie<strong>\u00a0PAKIETY PREMIUM\u00a0<\/strong>mo\u017cesz\u00a0doda\u0107:<\/p>\n<p><strong>CANAL+<\/strong>\u00a0(49,90 z\u0142\/mc - dost\u0119pny w pakietach<strong>\u00a0SMART,\u00a0OPTIMUM\u00a0i\u00a0PLATINUM<\/strong>) -\u00a0Oferta CANAL+ to\u00a0<strong>8<\/strong>\u00a0kana\u0142\u00f3w premium nieprzerywanych reklamami. Sport, Premiery, Seriale...<\/p>\n<p><strong>HBO<\/strong>\u00a0(29,90 z\u0142\/mc - dost\u0119pny w pakietach\u00a0<strong>OPTIMUM<\/strong>\u00a0i\u00a0<strong>PLATINUM<\/strong>) -\u00a0Nagradzane seriale i premiery filmowe. Prosto z\u00a0sali kinowej do Twojego domu. Pakiet HBO to rozrywka dost\u0119pna 24 godziny na\u00a0dob\u0119, 7\u00a0dni w\u00a0tygodniu.<\/p>\n<p><strong>CINEMAX<\/strong>\u00a0(14,90 z\u0142\/mc - dost\u0119pny w pakietach\u00a0<strong>OPTIMUM<\/strong>\u00a0i\u00a0<strong>PLATINUM<\/strong>) -\u00a0Od znawc\u00f3w dla mi\u0142o\u015bnik\u00f3w kina. Najlepsze filmy\u00a0i\u00a0seriale, oraz produkcje nagradzane na ca\u0142ym \u015bwiecie.<\/p>\n<\/div>\n<\/div><\/div><\/div><\/div><\/div>","protected":false},"excerpt":{"rendered":"<p>Ju\u017c dzi\u015b wybierz sw\u00f3j pakiet. W ofercie dost\u0119pne s\u0105 do wyboru 4 pakiety Telewizji \u015awiat\u0142owodowej z Internetem.Masz mo\u017cliwo\u015b\u0107 rozszerzenia swojego pakietu o wybrane\u00a0PAKIETY PREMIUM.Wystarczy zg\u0142osi\u0107 si\u0119 do nas pod numerem 61 666 23 00 lub napisa\u0107 maila bok@neter.pl, aby uzyska\u0107 wszelkie informacje o mo\u017cliwo\u015bci monta\u017cu w Pa\u0144stwa lokalizacji. Wybierz dla Siebie pakiet INTERNETU. Dobierz do [&hellip;]<\/p>\n","protected":false},"author":1,"featured_media":0,"parent":0,"menu_order":0,"comment_status":"closed","ping_status":"closed","template":"","meta":[],"_links":{"self":[{"href":"https:\/\/neter.pl\/index.php\/wp-json\/wp\/v2\/pages\/254"}],"collection":[{"href":"https:\/\/neter.pl\/index.php\/wp-json\/wp\/v2\/pages"}],"about":[{"href":"https:\/\/neter.pl\/index.php\/wp-json\/wp\/v2\/types\/page"}],"author":[{"embeddable":true,"href":"https:\/\/neter.pl\/index.php\/wp-json\/wp\/v2\/users\/1"}],"replies":[{"embeddable":true,"href":"https:\/\/neter.pl\/index.php\/wp-json\/wp\/v2\/comments?post=254"}],"version-history":[{"count":73,"href":"https:\/\/neter.pl\/index.php\/wp-json\/wp\/v2\/pages\/254\/revisions"}],"predecessor-version":[{"id":1126,"href":"https:\/\/neter.pl\/index.php\/wp-json\/wp\/v2\/pages\/254\/revisions\/1126"}],"wp:attachment":[{"href":"https:\/\/neter.pl\/index.php\/wp-json\/wp\/v2\/media?parent=254"}],"curies":[{"name":"wp","href":"https:\/\/api.w.org\/{rel}","templated":true}]}}