{"id":312,"date":"2015-07-15T15:03:15","date_gmt":"2015-07-15T13:03:15","guid":{"rendered":"https:\/\/www.neter.pl\/wordpress\/?page_id=312"},"modified":"2020-02-20T16:46:31","modified_gmt":"2020-02-20T15:46:31","slug":"dokumenty-cenniki-dodatkowe-uslugi","status":"publish","type":"page","link":"https:\/\/neter.pl\/index.php\/dokumenty-cenniki-dodatkowe-uslugi\/","title":{"rendered":"Pakiet G DATA. Dokumenty. Cenniki."},"content":{"rendered":"<p style=\"text-align: left;\"><a href=\"https:\/\/www.neter.pl\/wp-content\/uploads\/2015\/07\/gdata.png\"><img loading=\"lazy\" class=\"wp-image-978 aligncenter\" src=\"https:\/\/www.neter.pl\/wp-content\/uploads\/2015\/07\/gdata.png\" alt=\"\" width=\"182\" height=\"136\" \/><\/a><\/p>\n<h2 style=\"text-align: center;\"><strong>Bezpieczny Internet z G DATA<\/strong><\/h2>\n<p style=\"text-align: center;\">W Naszej firmie dbamy o bezpiecze\u0144stwo naszych Klient\u00f3w !!!\u00a0Ka\u017cdy Klient przy zakupie<\/p>\n<p style=\"text-align: center;\"><strong>NASZEGO<\/strong> <strong>INTERNETU<\/strong> (150\/300\/500Mb\/s)\u00a0otrzymuje na <strong>3<\/strong> miesi\u0105ce za <strong>0<\/strong> z\u0142 pakiet<\/p>\n<p style=\"text-align: center;\"><strong><u>G DATA Internet Security<\/u><\/strong><\/p>\n<p style=\"text-align: center;\">Po okresie promocyjnym cena pakietu wynosi TYLKO 4,99 z\u0142 miesi\u0119cznie.<\/p>\n<p style=\"text-align: center;\">Pakiet <strong>Bezpieczny Internet<\/strong> Mo\u017cesz dokupi\u0107 na dowoln\u0105 ilo\u015b\u0107 urz\u0105dze\u0144 w tej samej niskiej cenie.<\/p>\n<p style=\"text-align: center;\">Np. komputer stacjonarny + laptop to TYLKO 9,98 z\u0142 na miesi\u0105c !!!<\/p>\n<p style=\"text-align: center;\">Pakiet Bezpieczny Internet dzia\u0142a i <strong>CHRONI CIEBIE<\/strong> niezale\u017cnie gdzie korzystasz z Internetu !!!<\/p>\n<p style=\"text-align: center;\">Nie wa\u017cne czy jeste\u015b u znajomych, hotelu czy w pracy\u2026 <strong>Zawsze jeste\u015b CHRONIONY !!!<\/strong><\/p>\n<p><strong>Bezpiecze\u0144stwo podczas przegl\u0105dania sieci i najlepsza ochrona przed ransomware.<\/strong><\/p>\n<p><strong><u>Innowacyjno\u015b\u0107<\/u><\/strong> &#8211; Nasza nowa technologia <strong>DeepRay\u00ae<\/strong> za pomoc\u0105 sztucznej inteligencji i machine learning chroni U\u017cytkownika przed coraz to doskonalszymi metodami dzia\u0142a\u0144 cyberprzest\u0119pc\u00f3w.<\/p>\n<p><strong><u>Stop wirusom szyfruj\u0105cym<\/u><\/strong> &#8211; Nasz skaner bezb\u0142\u0119dnie wykrywa ransomware i zatrzymuje proces szyfrowania. Zagro\u017cenia nie maj\u0105 szans w konfrontacji z wielokrotnie nagradzan\u0105 technologi\u0105 antywirusow\u0105 i proaktywn\u0105 kontrol\u0105 zachowania.<\/p>\n<p><strong><u>Bezpieczne transakcje online<\/u><\/strong> &#8211; Modu\u0142 <strong>Web protection<\/strong> blokuje z\u0142o\u015bliwe strony internetowe, tym samym chroni Ciebie i Twoje pieni\u0105dze przed oszustwami i wy\u0142udzeniem danych dost\u0119powych do bankowo\u015bci internetowej. Z kolei opatentowana technologia <strong>BankGuard<\/strong> pilnuje, by \u017caden trojan bankowy nie dobra\u0142 si\u0119 do Twojego konta.<\/p>\n<p><strong>Funkcjonalno\u015bci:<\/strong><\/p>\n<p><strong>* Zapora<\/strong> &#8211; Chroni Ci\u0119 przed hakerami. Monitoruje ca\u0142y ruch sieciowy urz\u0105dzenia na kt\u00f3rym dzia\u0142a.<\/p>\n<p><strong>* Cloud-Backup<\/strong> &#8211; Funkcja pozwala na tworzenie kopii zapasowych w chmurze z wykorzystaniem popularnych us\u0142ug jak Dropbox czy Google Drive. Kopie tworzone s\u0105 automatycznie i zostaj\u0105 zabezpieczone has\u0142em.<\/p>\n<p><strong>* Blokuj wirusy szyfruj\u0105ce<\/strong> &#8211; Modu\u0142 <strong>AntiRansomware<\/strong> bezb\u0142\u0119dnie wykrywa i zatrzymuje dzia\u0142anie zagro\u017ce\u0144 szyfruj\u0105cych pliki i wymuszaj\u0105cych okup.<\/p>\n<p><strong>* G DATA BankGuard<\/strong> &#8211; Opatentowana technologia ochrony przed atakami trojan\u00f3w bankowych \u2013 dla bezpiecznej bankowo\u015bci i zakup\u00f3w online.<\/p>\n<p><strong>* AntiSpam<\/strong> &#8211; Powiedz stop niechcianym wiadomo\u015bciom! Modu\u0142 usuwa irytuj\u0105ce wiadomo\u015bci spam oraz usuwa odno\u015bniki do stron wykradaj\u0105cych dane.<\/p>\n<p><strong>* Kontrola rodzicielska<\/strong> &#8211; Upewnij si\u0119, \u017ce najm\u0142odsi cz\u0142onkowie rodziny nie posiadaj\u0105 dost\u0119pu do niepo\u017c\u0105danych stron internetowych. Dzi\u0119ki modu\u0142owi kontroli rodzicielskiej mo\u017cesz ograniczy\u0107 dost\u0119p do konkretnych stron internetowych oraz zarz\u0105dza\u0107 czasem dost\u0119pu do komputera.<\/p>\n<p><strong>* Skaner antywirusowy<\/strong> &#8211; Zaufaj silnikowi antywirusowemu o najwy\u017cszym poziomie detekcji, bazuj\u0105cemu na dw\u00f3ch niezale\u017cnych technologiach ochronnych.<\/p>\n<p><strong>* Aktywna ochrona przed exploitami<\/strong> &#8211; Chroni tw\u00f3j komputer przed cyberprzest\u0119pcami wykorzystuj\u0105cymi luki bezpiecze\u0144stwa w zainstalowanym oprogramowaniu takim jak MS Office czy Adobe Acrobat Reader.<\/p>\n<p><strong>* Wsparcie techniczne<\/strong> &#8211; profesjonalny dzia\u0142 wsparcia G DATA s\u0142u\u017cy pomoc\u0105 w przypadku wszelkich niespodziewanych problem\u00f3w technicznych.<\/p>\n<h3><\/h3>\n<p style=\"text-align: left;\">Poznaj nasze <strong>US\u0141UGI DODATKOWE<\/strong>:<\/p>\n<ul>\n<li style=\"text-align: left;\">oferujemy Us\u0142ugi hostingowe<\/li>\n<li style=\"text-align: left;\">telefonia VOIP bez dodatkowych op\u0142at i z mo\u017cliwo\u015bci\u0105 przeniesienia numeru<\/li>\n<\/ul>\n<p style=\"text-align: left;\"><em><strong>CENNIKI:<\/strong><\/em><\/p>\n<p><a href=\"https:\/\/www.neter.pl\/wp-content\/uploads\/2020\/02\/cennik_hosting_2020.pdf\"><em>Cennik\u00a0HOSTINGOWYCH<\/em><\/a><br \/>\n<a href=\"https:\/\/www.neter.pl\/wordpress\/wp-content\/uploads\/2015\/07\/cennik-us\u0142ug-dodatkowych.pdf\"><em>Cennik us\u0142ug dodatkowych<\/em><\/a><br \/>\n<em><a href=\"https:\/\/www.neter.pl\/wordpress\/wp-content\/uploads\/2015\/07\/cennik_voip_abonament1.pdf\">Cennik VOIP abonament<\/a><\/em><br \/>\n<em><a href=\"https:\/\/www.neter.pl\/wordpress\/wp-content\/uploads\/2015\/07\/cennik_voip_aktywacja1.pdf\">Cennik VOIP aktywacja<\/a><\/em><br \/>\n<em><a href=\"https:\/\/www.neter.pl\/wordpress\/wp-content\/uploads\/2015\/07\/cennik_voip_polaczenia_NT2001.pdf\">Cennik VOIP po\u0142\u0105czenia NT200<\/a><\/em><br \/>\n<em><a href=\"https:\/\/www.neter.pl\/wordpress\/wp-content\/uploads\/2015\/07\/cennik_voip_polaczenia_NT5001.pdf\">Cennik VOIP po\u0142\u0105czenia NT500<\/a><\/em><br \/>\n<em><a href=\"https:\/\/www.neter.pl\/wordpress\/wp-content\/uploads\/2015\/07\/cennik_voip_polaczenia_NT10001.pdf\">Cennik VOIP po\u0142\u0105czenia NT1000<br \/>\n<\/a><\/em><a href=\"https:\/\/www.neter.pl\/wordpress\/wp-content\/uploads\/2015\/07\/regulamin_sieci_01.07.2004.pdf\">Regulamin_sieci_01.07.2004<\/a><\/p>\n","protected":false},"excerpt":{"rendered":"<p>Bezpieczny Internet z G DATA W Naszej firmie dbamy o bezpiecze\u0144stwo naszych Klient\u00f3w !!!\u00a0Ka\u017cdy Klient przy zakupie NASZEGO INTERNETU (150\/300\/500Mb\/s)\u00a0otrzymuje na 3 miesi\u0105ce za 0 z\u0142 pakiet G DATA Internet Security Po okresie promocyjnym cena pakietu wynosi TYLKO 4,99 z\u0142 miesi\u0119cznie. Pakiet Bezpieczny Internet Mo\u017cesz dokupi\u0107 na dowoln\u0105 ilo\u015b\u0107 urz\u0105dze\u0144 w tej samej niskiej cenie. [&hellip;]<\/p>\n","protected":false},"author":1,"featured_media":0,"parent":0,"menu_order":0,"comment_status":"closed","ping_status":"closed","template":"","meta":[],"_links":{"self":[{"href":"https:\/\/neter.pl\/index.php\/wp-json\/wp\/v2\/pages\/312"}],"collection":[{"href":"https:\/\/neter.pl\/index.php\/wp-json\/wp\/v2\/pages"}],"about":[{"href":"https:\/\/neter.pl\/index.php\/wp-json\/wp\/v2\/types\/page"}],"author":[{"embeddable":true,"href":"https:\/\/neter.pl\/index.php\/wp-json\/wp\/v2\/users\/1"}],"replies":[{"embeddable":true,"href":"https:\/\/neter.pl\/index.php\/wp-json\/wp\/v2\/comments?post=312"}],"version-history":[{"count":15,"href":"https:\/\/neter.pl\/index.php\/wp-json\/wp\/v2\/pages\/312\/revisions"}],"predecessor-version":[{"id":985,"href":"https:\/\/neter.pl\/index.php\/wp-json\/wp\/v2\/pages\/312\/revisions\/985"}],"wp:attachment":[{"href":"https:\/\/neter.pl\/index.php\/wp-json\/wp\/v2\/media?parent=312"}],"curies":[{"name":"wp","href":"https:\/\/api.w.org\/{rel}","templated":true}]}}