{"id":319,"date":"2015-07-15T15:32:14","date_gmt":"2015-07-15T13:32:14","guid":{"rendered":"https:\/\/www.neter.pl\/wordpress\/?page_id=319"},"modified":"2018-06-07T16:26:33","modified_gmt":"2018-06-07T14:26:33","slug":"polityka-prywatnosci","status":"publish","type":"page","link":"https:\/\/neter.pl\/index.php\/polityka-prywatnosci\/","title":{"rendered":"Polityka prywatno\u015bci"},"content":{"rendered":"<div id=\"pl-319\"  class=\"panel-layout\" ><div id=\"pg-319-0\"  class=\"panel-grid panel-no-style\" ><div id=\"pgc-319-0-0\"  class=\"panel-grid-cell\" ><div id=\"panel-319-0-0-0\" class=\"so-panel widget widget_sow-editor panel-first-child\" data-index=\"0\" ><div\n\t\t\t\n\t\t\tclass=\"so-widget-sow-editor so-widget-sow-editor-base\"\n\t\t\t\n\t\t>\n<div class=\"siteorigin-widget-tinymce textwidget\">\n\t<p align=\"center\"><span style=\"font-family: DejaVu Sans,sans-serif;\"><span style=\"font-size: large;\"><b>Polityka prywatno\u015bci w oparciu o RODO<\/b><\/span><\/span><\/p>\n<p><span style=\"font-family: DejaVu Sans,sans-serif;\">W dniu 25 maja 2018 roku wesz\u0142o w \u017cycie unijne rozporz\u0105dzenie Unii Europejskiej dotycz\u0105ce bezpiecze\u0144stwa przechowywania i przetwarzania danych osobowych. Wprowadzone zosta\u0142o aby ujednolici\u0107 kwestie zwi\u0105zane z ochron\u0105 danych jednym aktem prawnym dla wszystkich Pa\u0144stw cz\u0142onkowskich Unii Europejskiej. <\/span><\/p>\n<p align=\"center\"><span style=\"font-family: DejaVu Sans,sans-serif;\">Firma Neter sp. z o.o. od lat dba o to aby Pa\u0144stwa dane osobowe by\u0142y przechowywane i przetwarzane w oparciu o najwy\u017csze standardy bezpiecze\u0144stwa. Rodo nak\u0142ada na przedsi\u0119biorce dodatkowy obowi\u0105zek informacyjny kt\u00f3ry zamieszczamy w niniejszym dokumencie i zapraszamy do zapoznania si\u0119.<\/span><\/p>\n<p><span style=\"font-family: DejaVu Sans,sans-serif;\"><b>I<\/b><\/span> <span style=\"font-family: DejaVu Sans,sans-serif;\">Administratorem Pa\u0144stwa danych osobowych jest Firma Neter Sp\u00f3\u0142ka z ograniczon\u0105 odpowiedzialno\u015bci\u0105 z siedzib\u0105 w Poznaniu ulica Sieradzka 28, <\/span><span style=\"font-family: DejaVu Sans,sans-serif;\">60-163, o numerze NIP 7792207498<\/span><span style=\"font-family: DejaVu Sans,sans-serif;\"> wpisany do<\/span><span style=\"font-family: DejaVu Sans,sans-serif;\"> rejestru przedsi\u0119biorc\u00f3w telekomunikacyjnych pod numerem <\/span><span style=\"font-family: DejaVu Sans,sans-serif;\">5190, <\/span><span style=\"font-family: DejaVu Sans,sans-serif;\">wszelkie <\/span><span style=\"font-family: DejaVu Sans,sans-serif;\">dodatkowe<\/span><span style=\"font-family: DejaVu Sans,sans-serif;\"> pytania co do cel\u00f3w oraz ilo\u015bci przetwarzanych danych <\/span><span style=\"font-family: DejaVu Sans,sans-serif;\">na kt\u00f3re nie otrzymaj\u0105 Pa\u0144stwo wyczerpuj\u0105cej odpowiedzi poni\u017cej <\/span><span style=\"font-family: DejaVu Sans,sans-serif;\">prosimy kierowa\u0107 numer telefonu 616662300 lub adres e-mail <\/span><a href=\"mailto:bok@neter.pl\"><span style=\"font-family: DejaVu Sans,sans-serif;\">bok@neter.pl<\/span><\/a><\/p>\n<p><span style=\"font-family: DejaVu Sans,sans-serif;\"><b>II <\/b>Cel przetwarzania danych wraz z podstaw\u0105 prawn\u0105:<\/span><\/p>\n<ol>\n<li>\n<p><span style=\"font-family: DejaVu Sans,sans-serif;\">Dane osobowe zgodnie z Art 6 ust.1 lit a s\u0105 przetwarzane wy\u0142\u0105cznie za zgod\u0105 os\u00f3b kt\u00f3rych dane dotycz\u0105 <\/span><span style=\"font-family: DejaVu Sans,sans-serif;\">dla jasno okre\u015blonych cel\u00f3w, z mo\u017cliwo\u015bci\u0105 wyboru zakresu przetwarzania pod warunkiem \u017ce nie s\u0105 uwarunkowane inn\u0105 podstaw\u0105 prawn\u0105.<\/span><\/p>\n<\/li>\n<li>\n<p><span style=\"font-family: DejaVu Sans,sans-serif;\">Dane osobowe zgodnie z art 6 ust. 1 lit b s\u0105 przetwarzane w celu realizacji wzajemnych zobowi\u0105za\u0144 wynikaj\u0105cych z zawartej umowy lub zamiaru jej zawarcia mi\u0119dzy <\/span><span style=\"font-family: DejaVu Sans,sans-serif;\">administratorem\/operatorem<\/span><span style=\"font-family: DejaVu Sans,sans-serif;\"> a klientem, dlatego niezb\u0119dne jest <\/span><span style=\"font-family: DejaVu Sans,sans-serif;\">wyra\u017cenie <\/span><span style=\"font-family: DejaVu Sans,sans-serif;\">zgody o kt\u00f3rej mowa w punkcie 1<\/span><\/p>\n<\/li>\n<li>\n<p><span style=\"font-family: DejaVu Sans,sans-serif;\">Dane osobowe <\/span><span style=\"font-family: DejaVu Sans,sans-serif;\">zgodnie z Art. 6 ust.1 lit c<\/span><span style=\"font-family: DejaVu Sans,sans-serif;\"> s\u0105 przetwarzane w celu wywi\u0105zania si\u0119 z obowi\u0105zku prawnego ci\u0105\u017c\u0105cego na operatorze kt\u00f3ry jest jednocze\u015b<\/span><span style=\"font-family: DejaVu Sans,sans-serif;\">n<\/span><span style=\"font-family: DejaVu Sans,sans-serif;\">ie administratorem Pa\u0144stwa danych osobowych <\/span><span style=\"font-family: DejaVu Sans,sans-serif;\">w szczeg\u00f3lno\u015bci do : <\/span><\/p>\n<ol type=\"a\">\n<li>\n<p><span style=\"font-family: DejaVu Sans,sans-serif;\">wystawiania oraz przechowywania faktur i innych dokument\u00f3w ksi\u0119gowych, <\/span><\/p>\n<\/li>\n<li>\n<p><span style=\"font-family: DejaVu Sans,sans-serif;\">rozlicze\u0144 podatkowych,<\/span><\/p>\n<\/li>\n<\/ol>\n<\/li>\n<li>\n<p><span style=\"font-family: DejaVu Sans,sans-serif;\">Przetwarzamy dane osobowe zgodnie z Art.6 ust.1 lit f w celu realizacji interes\u00f3w administratora\/operatora w szczeg\u00f3lno\u015bci: <\/span><\/p>\n<ol type=\"a\">\n<li>\n<p><span style=\"font-family: DejaVu Sans,sans-serif;\">aby\u015bcie mieli Pa\u0144stwo bie\u017c\u0105ce informacje na temat dotycz\u0105cych Pa\u0144stwa dzia\u0142a\u0144 prowadzonych w sieci, statusu zg\u0142osze\u0144, reklamacji, zam\u00f3wie\u0144, realizacji, aktualnych ofert, salda na koncie abonenckim, bie\u017c\u0105cych rozlicze\u0144<\/span><\/p>\n<\/li>\n<li>\n<p><span style=\"font-family: DejaVu Sans,sans-serif;\">zachowania bezpiecze\u0144stwa sieci, ochrony przed atakami z zewn\u0105trz, jak najszybsz\u0105 reakcj\u0105 i zapobieganiem takim zdarzeniom.<\/span><\/p>\n<\/li>\n<li>\n<p><span style=\"font-family: DejaVu Sans,sans-serif;\">w celu dochodzenia roszcze\u0144 wynikaj\u0105cych z zawartej umowy w przypadku braku realizacji jednej ze stron w tym przekazania spraw do windykacji <\/span><\/p>\n<\/li>\n<\/ol>\n<\/li>\n<\/ol>\n<p><span style=\"font-family: DejaVu Sans,sans-serif;\"><b>III <\/b>Zgoda na przetwarzanie oraz podanie firmie Neter Sp. z o.o. danych osobowych jest oczywi\u015bcie dobrowolne, natomiast niezb\u0119dne do wykonania umowy telekomunikacyjnej. <\/span><\/p>\n<p><span style=\"font-family: DejaVu Sans,sans-serif;\">Dane jakich potrzebujemy od Pa\u0144stwa kt\u00f3re wykorzystujemy wy\u0142\u0105cznie do realizacji wzajemnych zobowi\u0105za\u0144 to Imi\u0119, Nazwisko, Adres zameldowania oraz instalacji, pesel, numer dowodu osobistego a w przypadku os\u00f3b prawnych NIP i Regon, dodatkowo aby usprawni\u0107 nasz\u0105 komunikacj\u0119 proponujemy podanie numeru telefonu oraz adresu e-mail aby\u015bmy mogli w najszybszy spos\u00f3b kontaktowa\u0107 si\u0119 i przekazywa\u0107 wszelkie interesuj\u0105ce Pa\u0144stwa informacj\u0119 a tak\u017ce dokumenty w formie elektronicznej.<\/span><\/p>\n<p><span style=\"font-family: DejaVu Sans,sans-serif;\"><b>IV <\/b>Administrator\/operator na podstawie przepis\u00f3w prawa mo\u017ce przekazywa\u0107 dane osobowe klient\u00f3w podmiotom upowa\u017cnionym np. organom \u015bcigania.<\/span><\/p>\n<p><span style=\"font-family: DejaVu Sans,sans-serif;\"><b>V <\/b><\/span><span style=\"font-family: DejaVu Sans,sans-serif;\">Dane osobowe przechowujemy w okresie w kt\u00f3rym nakazuje to prawo b\u0105d\u017a do czasu cofni\u0119cia przez klienta zgody w przypadku gdy nie narusza to istotnego interesu administratora do przetwarzania danych, w\u00f3wczas dane b\u0119d\u0105 przetwarzane do czasu ustania tego interesu <\/span><span style=\"font-family: DejaVu Sans,sans-serif;\">lub podstawy prawnej ( np. dane o rozliczeniach i fakturach prawo nakazuje przechowywa\u0107 przez 5 lat podst. prawna <\/span><span style=\"font-family: DejaVu Sans,sans-serif;\">art. 74 Ustawy z dnia 29 wrze\u015bnia 1994 r. o rachunkowo\u015bci<\/span><span style=\"font-family: DejaVu Sans,sans-serif;\">)<\/span><span style=\"font-family: DejaVu Sans,sans-serif;\">. <\/span><\/p>\n<p><span style=\"font-family: DejaVu Sans,sans-serif;\">Ka\u017cda osoba kt\u00f3rej dane dotycz\u0105 ma prawo do informacji jakie dane przetwarzamy, ich sprostowania je\u015bli dane s\u0105 niepoprawne lub niekompletne, <\/span><span style=\"font-family: DejaVu Sans,sans-serif;\">przeniesienia, usuni\u0119cia, ograniczenia przetwarzania o ile nie b\u0119dzie to kolidowa\u0107 z inn\u0105 podstaw\u0105 prawn\u0105. <\/span><span style=\"font-family: DejaVu Sans,sans-serif;\">W celu uzyskania informacji na temat danych zapraszamy do kontaktu e-mail na <a href=\"mailto:BOK@NETER.PL\">BOK@NETER.PL<\/a> <\/span><\/p>\n<p><span style=\"font-family: DejaVu Sans,sans-serif;\"><b>VI<\/b><\/span> <span style=\"font-family: DejaVu Sans,sans-serif;\">Dane osobowe przetwarzane s\u0105 wy\u0142\u0105cznie przez upowa\u017cnione przez nas osoby w uzasadnionych okoliczno\u015bciach. Nie udost\u0119pniamy danych osobowych nikomu poza podmiotami upowa\u017cnionymi na podstawie przepis\u00f3w prawa <\/span><span style=\"font-family: DejaVu Sans,sans-serif;\">i w ramach realizacji wi\u0105\u017c\u0105cej nas z Pa\u0144stwem umowy oraz na podstawie wyra\u017conej zgody<\/span><span style=\"font-family: DejaVu Sans,sans-serif;\">.<\/span><\/p>\n<\/div>\n<\/div><\/div><div id=\"panel-319-0-0-1\" class=\"so-panel widget widget_sow-editor panel-last-child\" data-index=\"1\" ><div\n\t\t\t\n\t\t\tclass=\"so-widget-sow-editor so-widget-sow-editor-base\"\n\t\t\t\n\t\t>\n<div class=\"siteorigin-widget-tinymce textwidget\">\n\t<div id=\"content-wrap\">\n<div id=\"main\">\n<h2>\u00a0<\/h2>\n<h2>Polityka prywatno\u015bci i wykorzystywania plik\u00f3w cookies w serwisach internetowych Neter sp. z o.o.<\/h2>\n<p>Dla Pa\u0144stwa wygody witryny i strony internetowe firmy Neter sp. z o.o. z siedzib\u0105 w Poznaniu mog\u0105 u\u017cywa\u0107 plik\u00f3w cookies i podobnych technologii m.in. po to, by dostosowa\u0107 serwisy do potrzeb u\u017cytkownik\u00f3w oraz w celach statystycznych. <strong>W przegl\u0105darce internetowej mo\u017cna zmieni\u0107 ustawienia dotycz\u0105ce cookies. Brak zmiany tych ustawie\u0144 oznacza akceptacj\u0119 dla stosowanych technologii zgodnie z polityk\u0105 prywatno\u015bci i wykorzystywania plik\u00f3w cookies w serwisach internetowych Neter sp. z o.o.<\/strong> Informujemy, \u017ce ograniczenia stosowania plik\u00f3w cookies mog\u0105 wp\u0142yn\u0105\u0107 na prawid\u0142owo\u015b\u0107 dzia\u0142ania serwis\u00f3w.<\/p>\n<p>Niniejsza polityka prywatno\u015bci i wykorzystywania plik\u00f3w cookies w serwisach internetowych Neter sp. z o.o. dotyczy serwis\u00f3w internetowych *.neter.pl oraz www.neter.pl\/*<\/p>\n<p>* - indywidualna tre\u015b\u0107 w serwisie<\/p>\n<p><strong>Czym s\u0105 pliki cookies (ciasteczka) i w jakim celu ich u\u017cywamy?<\/strong><\/p>\n<p>Pliki cookies to dane (w tym pliki tekstowe) wysy\u0142ane z serwera strony internetowej i przechowywane przez przegl\u0105dark\u0119 internetow\u0105 lub inne rozwi\u0105zania technologiczne na urz\u0105dzeniu ko\u0144cowym (np. komputerze lub urz\u0105dzeniu mobilnym).<br \/> Mechanizmy cookies nie s\u0105 wykorzystywane do pozyskiwania jakichkolwiek informacji o u\u017cytkownikach serwis\u00f3w. Pliki cookies nie przechowuj\u0105 \u017cadnych danych osobowych.<br \/> Pliki cookies s\u0142u\u017c\u0105 przede wszystkim gromadzeniu danych statystycznych (np. o liczbie u\u017cytkownik\u00f3w korzystaj\u0105cych z serwis\u00f3w), kontrolnych (zapewniaj\u0105 prawid\u0142owe funkcjonowanie serwis\u00f3w) oraz wydajno\u015bciowych (np. o sposobie korzystania ze stron w celu poprawy jako\u015bci ich dzia\u0142ania). Pliki cookies funkcjonalnie u\u0142atwiaj\u0105 u\u017cytkownikowi korzystanie z wcze\u015bniej odwiedzanych przez niego stron, zawieraj\u0105 preferencje u\u017cytkownika (np. j\u0119zyk, rozmiar czcionki, formatowanie zawarto\u015bci, informacje o zaakceptowaniu polityki prywatno\u015bci Neter sp. z o.o.).<br \/> Pliki cookies nie s\u0105 programami komputerowymi i nie mog\u0105 by\u0107 wykorzystane jako kod binarny, nie rozpowszechniaj\u0105 wirus\u00f3w.<\/p>\n<p><strong>Jakie rodzaje plik\u00f3w cookie u\u017cywamy?<\/strong><\/p>\n<p>Cookies sesyjne - tymczasowe pliki, przechowywane od momentu wej\u015bcia do serwisu do momentu wy\u0142\u0105czenia przegl\u0105darki lub do czasu zamkni\u0119cia sesji przegl\u0105darki.<\/p>\n<p>Cookies sta\u0142e - pliki przechowywane w spos\u00f3b sta\u0142y (np. cookies statystyczne, kontrolne, wydajno\u015bciowe i funkcjonalne)<\/p>\n<p>Cookies zewn\u0119trzne - pliki pochodz\u0105ce z zewn\u0119trznych serwis\u00f3w (np. Google Analytics lub dostawc\u00f3w tre\u015bci multimedialnych).<\/p>\n<p><strong>Poziom ochrony przed cookies<\/strong><\/p>\n<p>Poziom ochrony przed cookies mo\u017cna ustawi\u0107 w swojej przegl\u0105darce internetowej - a\u017c do ca\u0142kowitego blokowania plik\u00f3w cookies. Zwi\u0119ksza to poziom bezpiecze\u0144stwa i ochrony danych, ale mo\u017ce uniemo\u017cliwia\u0107 funkcjonowanie niekt\u00f3rych funkcji (np. autoryzacja) lub wp\u0142yn\u0105\u0107 na prawid\u0142owo\u015b\u0107 dzia\u0142ania serwis\u00f3w lub komfort ich u\u017cywania.<br \/> Szczeg\u00f3\u0142owe informacje na ten temat mo\u017cna znale\u017a\u0107 korzystaj\u0105c z funkcji POMOC w danej przegl\u0105darce lub korzystaj\u0105c z poni\u017cszych instrukcji producent\u00f3w przegl\u0105darek internetowych:<\/p>\n<ul>\n<li><a href=\"http:\/\/support.microsoft.com\/kb\/196955\">Internet Explorer<\/a><\/li>\n<li><a href=\"http:\/\/support.google.com\/chrome\/bin\/answer.py?hl=pl&amp;answer=95647\">Chrome<\/a><\/li>\n<li><a href=\"http:\/\/support.apple.com\/kb\/PH5042\">Safari<\/a><\/li>\n<li><a href=\"http:\/\/support.mozilla.org\/pl\/kb\/W%C5%82%C4%85czanie%20i%20wy%C5%82%C4%85czanie%20obs%C5%82ugi%20ciasteczek\">Firefox<\/a><\/li>\n<li><a href=\"http:\/\/help.opera.com\/Windows\/12.10\/pl\/cookies.html\">Opera<\/a><\/li>\n<li><a href=\"http:\/\/support.google.com\/chrome\/bin\/answer.py?hl=pl&amp;answer=95647\">Android<\/a><\/li>\n<li><a href=\"http:\/\/www.windowsphone.com\/pl-pl\/how-to\/wp7\/web\/changing-privacy-and-other-browser-settings\">Windows Phone<\/a><\/li>\n<li><a href=\"http:\/\/docs.blackberry.com\/en\/smartphone_users\/deliverables\/32004\/Turn_off_cookies_in_the_browser_60_1072866_11.jsp\">Blackberry<\/a><\/li>\n<\/ul>\n<\/div>\n<\/div>\n<\/div>\n<\/div><\/div><\/div><\/div><\/div>","protected":false},"excerpt":{"rendered":"<p>Polityka prywatno\u015bci w oparciu o RODOW dniu 25 maja 2018 roku wesz\u0142o w \u017cycie unijne rozporz\u0105dzenie Unii Europejskiej dotycz\u0105ce bezpiecze\u0144stwa przechowywania i przetwarzania danych osobowych. Wprowadzone zosta\u0142o aby ujednolici\u0107 kwestie zwi\u0105zane z ochron\u0105 danych jednym aktem prawnym dla wszystkich Pa\u0144stw cz\u0142onkowskich Unii Europejskiej. Firma Neter sp. z o.o. od lat dba o to aby Pa\u0144stwa [&hellip;]<\/p>\n","protected":false},"author":1,"featured_media":0,"parent":0,"menu_order":0,"comment_status":"closed","ping_status":"closed","template":"","meta":[],"_links":{"self":[{"href":"https:\/\/neter.pl\/index.php\/wp-json\/wp\/v2\/pages\/319"}],"collection":[{"href":"https:\/\/neter.pl\/index.php\/wp-json\/wp\/v2\/pages"}],"about":[{"href":"https:\/\/neter.pl\/index.php\/wp-json\/wp\/v2\/types\/page"}],"author":[{"embeddable":true,"href":"https:\/\/neter.pl\/index.php\/wp-json\/wp\/v2\/users\/1"}],"replies":[{"embeddable":true,"href":"https:\/\/neter.pl\/index.php\/wp-json\/wp\/v2\/comments?post=319"}],"version-history":[{"count":14,"href":"https:\/\/neter.pl\/index.php\/wp-json\/wp\/v2\/pages\/319\/revisions"}],"predecessor-version":[{"id":779,"href":"https:\/\/neter.pl\/index.php\/wp-json\/wp\/v2\/pages\/319\/revisions\/779"}],"wp:attachment":[{"href":"https:\/\/neter.pl\/index.php\/wp-json\/wp\/v2\/media?parent=319"}],"curies":[{"name":"wp","href":"https:\/\/api.w.org\/{rel}","templated":true}]}}