{"id":421,"date":"2016-04-23T14:23:34","date_gmt":"2016-04-23T12:23:34","guid":{"rendered":"https:\/\/www.neter.pl\/wordpress\/?page_id=421"},"modified":"2020-09-03T01:44:31","modified_gmt":"2020-09-02T23:44:31","slug":"telewizja","status":"publish","type":"page","link":"https:\/\/neter.pl\/index.php\/telewizja\/","title":{"rendered":"TELEWIZJA"},"content":{"rendered":"<div id=\"pl-421\"  class=\"panel-layout\" ><div id=\"pg-421-0\"  class=\"panel-grid panel-has-style\" ><div class=\"panel-row-style panel-row-style-for-421-0\" ><div id=\"pgc-421-0-0\"  class=\"panel-grid-cell\" ><div id=\"panel-421-0-0-0\" class=\"so-panel widget widget_sow-features panel-first-child panel-last-child\" data-index=\"0\" ><div\n\t\t\t\n\t\t\tclass=\"so-widget-sow-features so-widget-sow-features-default-3b3cd0bc6571-421\"\n\t\t\t\n\t\t>\n<div class=\"sow-features-list sow-features-responsive\">\n\n\t\t\t\t\t\t<div\n\t\t\t\tclass=\"sow-features-feature sow-icon-container-position-top sow-features-feature-last-row\"\n\t\t\t\tstyle=\"display: flex; flex-direction: column; float: left; width: 25%;\"\n\t\t\t>\n\n\t\t\t\t\t\t\t\t<div\n\t\t\t\t\tclass=\"sow-icon-container sow-container-round\"\n                    style=\"color: #404040; \"\n\t\t\t\t\t>\n\t\t\t\t\t<span class=\"sow-icon-fontawesome sow-fas\" data-sow-icon=\"&#xf247;\"\n\t\tstyle=\"font-size: 24px; color: #FFFFFF\" \n\t\taria-hidden=\"true\"><\/span>\t\t\t\t<\/div>\n\t\t\t\t\n\t\t\t\t<div class=\"textwidget\">\n\t\t\t\t\t\t\t\t\t\t\t<h5>\n\t\t\t\t\t\t\t\n\t\t\t\t\t\t\tNajbogatszy wyb\u00f3r kana\u0142\u00f3w\t\t\t\t\t\t\t\t\t\t\t\t\t<\/h5>\n\t\t\t\t\t\n\t\t\t\t\t\t\t\t\t\t\t<p><strong>231<\/strong>\u00a0kana\u0142y w tym <strong>146<\/strong>\u00a0w jako\u015bci <strong>HD.<\/strong>\u00a0Kana\u0142y s\u0105 dost\u0119pne w\u00a0pakietach <strong>MINI, SMART, OPTIMUM, PLATINUM<\/strong>. Dodatkowo ju\u017c od pakietu SMART mo\u017cesz doda\u0107<strong> CANAL+<\/strong>, a do\u00a0pakiet\u00f3w OPTIMUM i PLATINUM mo\u017cesz doda\u0107\u00a0<strong>HBO<\/strong> lub <strong>Cinemax. <\/strong>Nasze PAKIETY PREMIUM zadowol\u0105 ka\u017cdego widza !!!<\/p>\t\t\t\t\t\n\t\t\t\t\t\t\t\t\t<\/div>\n\t\t\t\t\t\t\t<\/div>\n\n\t\t\t\t\t<div\n\t\t\t\tclass=\"sow-features-feature sow-icon-container-position-top sow-features-feature-last-row\"\n\t\t\t\tstyle=\"display: flex; flex-direction: column; float: left; width: 25%;\"\n\t\t\t>\n\n\t\t\t\t\t\t\t\t<div\n\t\t\t\t\tclass=\"sow-icon-container sow-container-round\"\n                    style=\"color: #404040; \"\n\t\t\t\t\t>\n\t\t\t\t\t<span class=\"sow-icon-icomoon\" data-sow-icon=\"&#xe9bc;\"\n\t\tstyle=\"font-size: 24px; color: #FFFFFF\" \n\t\taria-hidden=\"true\"><\/span>\t\t\t\t<\/div>\n\t\t\t\t\n\t\t\t\t<div class=\"textwidget\">\n\t\t\t\t\t\t\t\t\t\t\t<h5>\n\t\t\t\t\t\t\t\n\t\t\t\t\t\t\tNa kilku telewizorach jednocze\u015bnie\t\t\t\t\t\t\t\t\t\t\t\t\t<\/h5>\n\t\t\t\t\t\n\t\t\t\t\t\t\t\t\t\t\t<p><strong>MULTIROOM<\/strong> z mo\u017cliwo\u015bci\u0105 pod\u0142\u0105czenia\u00a0nawet do <strong>4<\/strong> dodatkowych\u00a0dekoder\u00f3w za niewielk\u0105 miesi\u0119czn\u0105 op\u0142at\u0105 (12 z\u0142\/mc). Ka\u017cdy dodatkowy dekoder ma <strong>Takie Same<\/strong> funkcje jak dekoder g\u0142\u00f3wny!!!<\/p>\t\t\t\t\t\n\t\t\t\t\t\t\t\t\t<\/div>\n\t\t\t\t\t\t\t<\/div>\n\n\t\t\t\t\t<div\n\t\t\t\tclass=\"sow-features-feature sow-icon-container-position-top sow-features-feature-last-row\"\n\t\t\t\tstyle=\"display: flex; flex-direction: column; float: left; width: 25%;\"\n\t\t\t>\n\n\t\t\t\t\t\t\t\t<div\n\t\t\t\t\tclass=\"sow-icon-container sow-container-round\"\n                    style=\"color: #404040; \"\n\t\t\t\t\t>\n\t\t\t\t\t<span class=\"sow-icon-fontawesome sow-fas\" data-sow-icon=\"&#xf26c;\"\n\t\tstyle=\"font-size: 24px; color: #FFFFFF\" \n\t\taria-hidden=\"true\"><\/span>\t\t\t\t<\/div>\n\t\t\t\t\n\t\t\t\t<div class=\"textwidget\">\n\t\t\t\t\t\t\t\t\t\t\t<h5>\n\t\t\t\t\t\t\t\n\t\t\t\t\t\t\tKrystaliczna jako\u015b\u0107 obrazu\t\t\t\t\t\t\t\t\t\t\t\t\t<\/h5>\n\t\t\t\t\t\n\t\t\t\t\t\t\t\t\t\t\t<p>Dzi\u0119ki <strong>cyfrowemu strumieniowi<\/strong> oraz\u00a0<strong>Technologii \u015awiat\u0142owodowej<\/strong>\u00a0mo\u017ce zapewni\u0107 Ci niesamowite wra\u017cenia z ogl\u0105dania program\u00f3w w jako\u015bci <strong>Full HD<\/strong>. Powiniene\u015b tak\u017ce wiedzie\u0107, \u017ce ju\u017c teraz mo\u017cliwe jest przesy\u0142anie \u015bwiat\u0142owodem obrazu w niespotykanej dot\u0105d jako\u015bci \u2013 4K. Tak! Wy\u015bwietlaj\u0105 si\u0119 przed Tob\u0105 zupe\u0142nie nowe mo\u017cliwo\u015bci, szczeg\u00f3lnie je\u015bli chodzi o <strong>najwy\u017csz\u0105 jako\u015b\u0107 obrazu.<\/strong>\u00a0Nasza jako\u015b\u0107 obrazu jest niepor\u00f3wnywalnie <strong>Lepsza<\/strong>\u00a0od\u00a0kabla koncentrycznego z kabl\u00f3wki lub anteny sat, czy telewizji naziemnej.<\/p>\t\t\t\t\t\n\t\t\t\t\t\t\t\t\t<\/div>\n\t\t\t\t\t\t\t<\/div>\n\n\t\t\t\t\t<div\n\t\t\t\tclass=\"sow-features-feature sow-icon-container-position-top sow-features-feature-last-row\"\n\t\t\t\tstyle=\"display: flex; flex-direction: column; float: left; width: 25%;\"\n\t\t\t>\n\n\t\t\t\t\t\t\t\t<div\n\t\t\t\t\tclass=\"sow-icon-container sow-container-round\"\n                    style=\"color: #404040; \"\n\t\t\t\t\t>\n\t\t\t\t\t<span class=\"sow-icon-fontawesome sow-fas\" data-sow-icon=\"&#xf167;\"\n\t\tstyle=\"font-size: 24px; color: #FFFFFF\" \n\t\taria-hidden=\"true\"><\/span>\t\t\t\t<\/div>\n\t\t\t\t\n\t\t\t\t<div class=\"textwidget\">\n\t\t\t\t\t\t\t\t\t\t\t<h5>\n\t\t\t\t\t\t\t\n\t\t\t\t\t\t\tMultimedialny dekoder\t\t\t\t\t\t\t\t\t\t\t\t\t<\/h5>\n\t\t\t\t\t\n\t\t\t\t\t\t\t\t\t\t\t<p>Ma\u0142y i zgrabny dekoder z niesamowitymi mo\u017cliwo\u015bciami!!!\u00a0<strong>Ogl\u0105danie od pocz\u0105tku<\/strong> - obejrzyj od pocz\u0105tku audycj\u0119, kt\u00f3ra ju\u017c si\u0119 rozpocz\u0119\u0142a (do <strong>3<\/strong> godzin wstecz).\u00a0<strong>Ogl\u0105danie wstecz<\/strong> - odtwarzaj ulubiony program na wybranych kana\u0142ach\u00a0przez <strong>3<\/strong> dni od dnia jego premiery w telewizji.\u00a0<strong>Domowa nagrywarka<\/strong> - nagrywaj ulubione audycje na wybranych kana\u0142ach.\u00a0<strong>Nagrywanie serii<\/strong> - zaplanuj nagrywanie kolejnych odcink\u00f3w ulubionego serialu.\u00a0<strong>Pauzowanie<\/strong> - zatrzymuj i cofaj audycj\u0119 - dzi\u0119ki temu nic<br \/>Ci\u0119 nie ominie. Cyfrowe <strong>Radio <\/strong>oraz wiele innych funkcji...<\/p>\t\t\t\t\t\n\t\t\t\t\t\t\t\t\t<\/div>\n\t\t\t\t\t\t\t<\/div>\n\n\t\t\t\n<\/div>\n<\/div><\/div><\/div><\/div><\/div><div id=\"pg-421-1\"  class=\"panel-grid panel-no-style\" ><div id=\"pgc-421-1-0\"  class=\"panel-grid-cell\" ><div id=\"panel-421-1-0-0\" class=\"so-panel widget widget_sow-price-table panel-first-child panel-last-child\" data-index=\"1\" ><div\n\t\t\t\n\t\t\tclass=\"so-widget-sow-price-table so-widget-sow-price-table-atom-4130295919f6-421\"\n\t\t\t\n\t\t>\n<h3 class=\"widget-title\">Najbogatsza oferta kana\u0142\u00f3w telewizyjnych w Telewizji \u015awiat\u0142owodowej !!!<\/h3>\n<div class=\"ow-pt-columns-atom\">\n\n\t        <div class=\"ow-pt-column ow-pt-first ow-pt-even\"\n             style=\"width: 25%\">\n            <div class=\"ow-pt-title\">\n\t\t\t\tTV MINI\t\t\t\t            <\/div>\n\n            <div class=\"ow-pt-details\">\n                <div class=\"ow-pt-price\">50 z\u0142<\/div>\n                <div class=\"ow-pt-per\">mc<\/div>\n            <\/div>\n\n\t\t\t\n            <div class=\"ow-pt-features\">\n\t\t\t\t                    <div class=\"ow-pt-feature ow-pt-feature-even ow-pt-feature-index-0\" title=\"\">\n\n\t\t\t\t\t\t                            <div class=\"sow-feature-icon\">\n\t\t\t\t\t\t\t\t<span class=\"sow-icon-fontawesome sow-fas\" data-sow-icon=\"&#xf26c;\"\n\t\t \n\t\taria-hidden=\"true\"><\/span>                            <\/div>\n\t\t\t\t\t\t                        <div class=\"sow-feature-text\">\n                            <p>\n\t\t\t\t\t\t\t\tIlo\u015b\u0107 program\u00f3w: 99 (58 HD)                            <\/p>\n                        <\/div>\n                    <\/div>\n\t\t\t\t            <\/div>\n\n\t\t\t                <div class=\"ow-pt-button\">\n                    <a href='#mailsend'\n                       class=\"ow-pt-link\" >Zamawiam<\/a>\n                <\/div>\n\t\t\t        <\/div>\n\t        <div class=\"ow-pt-column ow-pt-odd\"\n             style=\"width: 25%\">\n            <div class=\"ow-pt-title\">\n\t\t\t\tTV SMART\t\t\t\t            <\/div>\n\n            <div class=\"ow-pt-details\">\n                <div class=\"ow-pt-price\">55 z\u0142<\/div>\n                <div class=\"ow-pt-per\">mc<\/div>\n            <\/div>\n\n\t\t\t\n            <div class=\"ow-pt-features\">\n\t\t\t\t                    <div class=\"ow-pt-feature ow-pt-feature-even ow-pt-feature-index-0\" title=\"\">\n\n\t\t\t\t\t\t                            <div class=\"sow-feature-icon\">\n\t\t\t\t\t\t\t\t<span class=\"sow-icon-fontawesome sow-fas\" data-sow-icon=\"&#xf26c;\"\n\t\t \n\t\taria-hidden=\"true\"><\/span>                            <\/div>\n\t\t\t\t\t\t                        <div class=\"sow-feature-text\">\n                            <p>\n\t\t\t\t\t\t\t\tIlo\u015b\u0107 program\u00f3w: 145 (92 HD)                            <\/p>\n                        <\/div>\n                    <\/div>\n\t\t\t\t            <\/div>\n\n\t\t\t                <div class=\"ow-pt-button\">\n                    <a href='#mailsend'\n                       class=\"ow-pt-link\" >Zamawiam<\/a>\n                <\/div>\n\t\t\t        <\/div>\n\t        <div class=\"ow-pt-column ow-pt-even\"\n             style=\"width: 25%\">\n            <div class=\"ow-pt-title\">\n\t\t\t\tTV OPTIMUM\t\t\t\t            <\/div>\n\n            <div class=\"ow-pt-details\">\n                <div class=\"ow-pt-price\">69 z\u0142<\/div>\n                <div class=\"ow-pt-per\">mc<\/div>\n            <\/div>\n\n\t\t\t\n            <div class=\"ow-pt-features\">\n\t\t\t\t                    <div class=\"ow-pt-feature ow-pt-feature-even ow-pt-feature-index-0\" title=\"\">\n\n\t\t\t\t\t\t                            <div class=\"sow-feature-icon\">\n\t\t\t\t\t\t\t\t<span class=\"sow-icon-fontawesome sow-fas\" data-sow-icon=\"&#xf26c;\"\n\t\t \n\t\taria-hidden=\"true\"><\/span>                            <\/div>\n\t\t\t\t\t\t                        <div class=\"sow-feature-text\">\n                            <p>\n\t\t\t\t\t\t\t\tIlo\u015b\u0107 program\u00f3w: 195 (122 HD)                            <\/p>\n                        <\/div>\n                    <\/div>\n\t\t\t\t            <\/div>\n\n\t\t\t                <div class=\"ow-pt-button\">\n                    <a href='#mailsend'\n                       class=\"ow-pt-link\" >Zamawiam<\/a>\n                <\/div>\n\t\t\t        <\/div>\n\t        <div class=\"ow-pt-column ow-pt-last ow-pt-odd\"\n             style=\"width: 25%\">\n            <div class=\"ow-pt-title\">\n\t\t\t\tTV PLATINUM\t\t\t\t            <\/div>\n\n            <div class=\"ow-pt-details\">\n                <div class=\"ow-pt-price\">99 z\u0142<\/div>\n                <div class=\"ow-pt-per\">mc<\/div>\n            <\/div>\n\n\t\t\t\n            <div class=\"ow-pt-features\">\n\t\t\t\t                    <div class=\"ow-pt-feature ow-pt-feature-even ow-pt-feature-index-0\" title=\"\">\n\n\t\t\t\t\t\t                            <div class=\"sow-feature-icon\">\n\t\t\t\t\t\t\t\t<span class=\"sow-icon-fontawesome sow-fas\" data-sow-icon=\"&#xf26c;\"\n\t\tstyle=\"color: #000000\" \n\t\taria-hidden=\"true\"><\/span>                            <\/div>\n\t\t\t\t\t\t                        <div class=\"sow-feature-text\">\n                            <p>\n\t\t\t\t\t\t\t\tIlo\u015b\u0107 program\u00f3w: 231 (146 HD)                            <\/p>\n                        <\/div>\n                    <\/div>\n\t\t\t\t            <\/div>\n\n\t\t\t                <div class=\"ow-pt-button\">\n                    <a href='#mailsend'\n                       class=\"ow-pt-link\" >Zamawiam<\/a>\n                <\/div>\n\t\t\t        <\/div>\n\t\n\n\t\n<\/div>\n<\/div><\/div><\/div><\/div><div id=\"pg-421-2\"  class=\"panel-grid panel-no-style\" ><div id=\"pgc-421-2-0\"  class=\"panel-grid-cell\" ><div id=\"panel-421-2-0-0\" class=\"so-panel widget widget_sow-editor panel-first-child panel-last-child\" data-index=\"2\" ><div\n\t\t\t\n\t\t\tclass=\"so-widget-sow-editor so-widget-sow-editor-base\"\n\t\t\t\n\t\t>\n<div class=\"siteorigin-widget-tinymce textwidget\">\n\t<p>Sprawd\u017a jakie kana\u0142y s\u0105 w pakietach w aktualnej\u00a0<a href=\"https:\/\/www.neter.pl\/wp-content\/uploads\/2020\/09\/20200901_kanaly_gwarantowane_etvplus.jpg\">li\u015bcie kana\u0142\u00f3w TV<\/a><\/p>\n<p><a href=\"https:\/\/www.neter.pl\/wordpress\/wp-content\/uploads\/2016\/04\/ts.png\"><img loading=\"lazy\" class=\"alignnone size-full wp-image-422\" src=\"https:\/\/www.neter.pl\/wordpress\/wp-content\/uploads\/2016\/04\/ts.png\" alt=\"ts\" width=\"151\" height=\"48\" srcset=\"https:\/\/neter.pl\/wp-content\/uploads\/2016\/04\/ts.png 151w, https:\/\/neter.pl\/wp-content\/uploads\/2016\/04\/ts-150x48.png 150w\" sizes=\"(max-width: 151px) 100vw, 151px\" \/><\/a><\/p>\n<p>Co powiesz na tak bogat\u0105 ofert\u0119? Nawet <strong>231<\/strong>\u00a0kana\u0142y w tym a\u017c\u00a0<strong>146<\/strong>\u00a0w jako\u015bci <strong>HD<\/strong> !!!<\/p>\n<p>Zobacz jakie<strong>\u00a0PAKIETY PREMIUM <\/strong>mo\u017cesz\u00a0doda\u0107:<\/p>\n<p><strong>CANAL+<\/strong> (49,90 z\u0142\/mc - dost\u0119pny w pakietach<strong>\u00a0SMART,\u00a0OPTIMUM\u00a0i\u00a0PLATINUM<\/strong>) -\u00a0Oferta CANAL+ to <strong>8<\/strong> kana\u0142\u00f3w premium nieprzerywanych reklamami. Sport, Premiery, Seriale...<\/p>\n<p><strong>HBO<\/strong> (29,90 z\u0142\/mc - dost\u0119pny w pakietach <strong>OPTIMUM<\/strong> i <strong>PLATINUM<\/strong>) -\u00a0Nagradzane seriale i premiery filmowe. Prosto z\u00a0sali kinowej do Twojego domu. Pakiet HBO to rozrywka dost\u0119pna 24 godziny na\u00a0dob\u0119, 7\u00a0dni w\u00a0tygodniu.<\/p>\n<p><strong>CINEMAX<\/strong> (14,90 z\u0142\/mc - dost\u0119pny w pakietach <strong>OPTIMUM<\/strong> i <strong>PLATINUM<\/strong>) -\u00a0Od znawc\u00f3w dla mi\u0142o\u015bnik\u00f3w kina. Najlepsze filmy\u00a0i\u00a0seriale, oraz produkcje nagradzane na ca\u0142ym \u015bwiecie.<\/p>\n<p><a href=\"https:\/\/www.neter.pl\/wp-content\/uploads\/2020\/04\/tv-go-ikona.png\"><img loading=\"lazy\" class=\"alignnone  wp-image-1081\" src=\"https:\/\/www.neter.pl\/wp-content\/uploads\/2020\/04\/tv-go-ikona-257x300.png\" alt=\"\" width=\"63\" height=\"74\" \/><\/a>\u00a0\u00a0<a href=\"https:\/\/go.telewizjaswiatlowodowa.pl\/\">www.go.telewizjaswiatlowodowa.pl<\/a><\/p>\n<h4><strong>Ogl\u0105daj wybrane kana\u0142y TELEWIZJI \u015aWIAT\u0141OWODOWEJ na dowolnym urz\u0105dzeniu:\u00a0laptopie, tablecie, telefonie!!!\u00a0Teraz ka\u017cdy mo\u017ce ogl\u0105da\u0107 nasz\u0105 telewizj\u0119 jak, kiedy i na czym chce!!!<\/strong><\/h4>\n<\/div>\n<\/div><\/div><\/div><\/div><div id=\"pg-421-3\"  class=\"panel-grid panel-no-style\" ><div id=\"pgc-421-3-0\"  class=\"panel-grid-cell\" ><div id=\"panel-421-3-0-0\" class=\"so-panel widget widget_sow-contact-form panel-first-child panel-last-child\" data-index=\"3\" ><div id=\"mailsend\" class=\"panel-widget-style panel-widget-style-for-421-3-0-0\" ><div\n\t\t\t\n\t\t\tclass=\"so-widget-sow-contact-form so-widget-sow-contact-form-default-15d0e9989435-421\"\n\t\t\t\n\t\t>\t<form action=\"#contact-form-3d01\"\n\t\tmethod=\"POST\" class=\"sow-contact-form\" id=\"contact-form-3d01\">\n\n\t\t\n\t\t            <div class=\"sow-form-field sow-form-field-name\"><label class=\"sow-form-field-label-above\" for=\"sow-contact-form-field-imi-i-nazwisko-592577bea00c8\">\n\t\t\t\t<strong>\n\t\t\t\t\tImi\u0119 i nazwisko\t\t\t\t\t\t\t\t\t<\/strong>\n\t\t\t<\/label>\n\t\t\t<span class=\"sow-field-container\">\t\t<input\n\t\t\ttype=\"text\"\n\t\t\tname=\"imi-i-nazwisko-592577bea00c8\"\n\t\t\tid=\"sow-contact-form-field-imi-i-nazwisko-592577bea00c8\"\n\t\t\tvalue=\"\"\n\t\t\tclass=\"sow-text-field\"\n\t\t\t\t\t\/>\n\t\t<\/span><\/div>            <div class=\"sow-form-field sow-form-field-text\"><label class=\"sow-form-field-label-above\" for=\"sow-contact-form-field-adres-592577bea00c8\">\n\t\t\t\t<strong>\n\t\t\t\t\tAdres\t\t\t\t\t\t\t\t\t<\/strong>\n\t\t\t<\/label>\n\t\t\t<span class=\"sow-field-container\">\t\t<input\n\t\t\ttype=\"text\"\n\t\t\tname=\"adres-592577bea00c8\"\n\t\t\tid=\"sow-contact-form-field-adres-592577bea00c8\"\n\t\t\tvalue=\"\"\n\t\t\tclass=\"sow-text-field\"\t\t\t\t\t\/>\n\t\t<\/span>                <div class=\"sow-form-field-description\">\n\t\t\t\t\tWprowad\u017a adres gdzie mia\u0142aby by\u0107 \u015bwiadczona us\u0142uga                <\/div>\n\t\t\t\t<\/div>            <div class=\"sow-form-field sow-form-field-email\"><label class=\"sow-form-field-label-above\" for=\"sow-contact-form-field-adres-mail-592577bea00c8\">\n\t\t\t\t<strong>\n\t\t\t\t\tAdres mail\t\t\t\t\t\t\t\t\t<\/strong>\n\t\t\t<\/label>\n\t\t\t<span class=\"sow-field-container\">\t\t<input\n\t\t\ttype=\"email\"\n\t\t\tname=\"adres-mail-592577bea00c8\"\n\t\t\tid=\"sow-contact-form-field-adres-mail-592577bea00c8\"\n\t\t\tvalue=\"\"\n\t\t\tclass=\"sow-text-field\"\t\t\t\t\t\/>\n\t\t<\/span><\/div>            <div class=\"sow-form-field sow-form-field-text\"><label class=\"sow-form-field-label-above\" for=\"sow-contact-form-field-telefon-592577bea00c8\">\n\t\t\t\t<strong>\n\t\t\t\t\tTelefon\t\t\t\t\t\t\t\t\t<\/strong>\n\t\t\t<\/label>\n\t\t\t<span class=\"sow-field-container\">\t\t<input\n\t\t\ttype=\"text\"\n\t\t\tname=\"telefon-592577bea00c8\"\n\t\t\tid=\"sow-contact-form-field-telefon-592577bea00c8\"\n\t\t\tvalue=\"\"\n\t\t\tclass=\"sow-text-field\"\t\t\t\t\t\/>\n\t\t<\/span><\/div>            <div class=\"sow-form-field sow-form-field-select\"><label class=\"sow-form-field-label-above\" for=\"sow-contact-form-field-pakiet-592577bea00c8\">\n\t\t\t\t<strong>\n\t\t\t\t\tPakiet\t\t\t\t\t\t\t\t\t<\/strong>\n\t\t\t<\/label>\n\t\t\t<span class=\"sow-field-container\">\t\t<select\n\t\t\tname=\"pakiet-592577bea00c8\"\n\t\t\tid=\"sow-contact-form-field-pakiet-592577bea00c8\"\n\t\t\t\t\t>\n\t\t\t\t\t\t\t\t<option selected ><\/option>\n\t\t\t\t\t\t\t\t\t\t<option\n\t\t\t\t\t\tvalue=\"mini\">\n\t\t\t\t\t\tmini\t\t\t\t\t<\/option>\n\t\t\t\t\t\t\t\t\t<option\n\t\t\t\t\t\tvalue=\"smart\">\n\t\t\t\t\t\tsmart\t\t\t\t\t<\/option>\n\t\t\t\t\t\t\t\t\t<option\n\t\t\t\t\t\tvalue=\"optimum\">\n\t\t\t\t\t\toptimum\t\t\t\t\t<\/option>\n\t\t\t\t\t\t\t\t\t<option\n\t\t\t\t\t\tvalue=\"platinum\">\n\t\t\t\t\t\tplatinum\t\t\t\t\t<\/option>\n\t\t\t\t\t\t<\/select>\n\t\t<\/span>                <div class=\"sow-form-field-description\">\n\t\t\t\t\tWybierz pakiet jakim jeste\u015b zainteresowany                <\/div>\n\t\t\t\t<\/div>            <div class=\"sow-form-field sow-form-field-checkboxes\"><label class=\"sow-form-field-label-above\" for=\"sow-contact-form-field-wyraam-zgod-na-przetwarzanie-danych-osobowych-592577bea00c8\">\n\t\t\t\t<strong>\n\t\t\t\t\tWyra\u017cam zgod\u0119 na przetwarzanie danych osobowych\t\t\t\t\t\t\t\t\t<\/strong>\n\t\t\t<\/label>\n\t\t\t<span class=\"sow-field-container\">\t\t\t<ul>\n\t\t\t\t\t\t\t\t\t\t\t\t\t\t<li>\n\t\t\t\t\t\t<input\n\t\t\t\t\t\t\ttype=\"checkbox\"\n\t\t\t\t\t\t\tvalue=\"Tak, wyra\u017cam zgod\u0119\"\n\t\t\t\t\t\t\tname=\"wyraam-zgod-na-przetwarzanie-danych-osobowych-592577bea00c8[]\"\n\t\t\t\t\t\t\tid=\"sow-contact-form-field-wyraam-zgod-na-przetwarzanie-danych-osobowych-592577bea00c8-0\"\n\t\t\t\t\t\t\t\t\t\t\t\t\t\t\t\t\t\t\t\t\/>\n\t\t\t\t\t\t<label for=\"sow-contact-form-field-wyraam-zgod-na-przetwarzanie-danych-osobowych-592577bea00c8-0\">\n\t\t\t\t\t\t\tTak, wyra\u017cam zgod\u0119\t\t\t\t\t\t<\/label>\n\t\t\t\t\t<\/li>\n\t\t\t\t\t\t\t<\/ul>\n\t\t<\/span><\/div>\t\t<input type=\"hidden\" name=\"instance_hash\" value=\"3d012d5f308b9324ee80ace120372711\" \/>\n\t\t<input type=\"hidden\" id=\"_wpnonce\" name=\"_wpnonce\" value=\"f8df9fed73\" \/><input type=\"hidden\" name=\"_wp_http_referer\" value=\"\/index.php\/wp-json\/wp\/v2\/pages\/421\" \/>\n\t\t\n\t\t\t\t<div class=\"sow-submit-wrapper sow-submit-styled\">\n\n\t\t<button class=\"sow-submit\"\n\t\t\t\t\t\t\t\t>\n\t\t\tWy\u015blij\t\t<\/button>\n\n\t\t<\/div>\n\t<\/form>\n\t<\/div><\/div><\/div><\/div><\/div><\/div>","protected":false},"excerpt":{"rendered":"<p>Najbogatszy wyb\u00f3r kana\u0142\u00f3w 231\u00a0kana\u0142y w tym 146\u00a0w jako\u015bci HD.\u00a0Kana\u0142y s\u0105 dost\u0119pne w\u00a0pakietach MINI, SMART, OPTIMUM, PLATINUM. Dodatkowo ju\u017c od pakietu SMART mo\u017cesz doda\u0107 CANAL+, a do\u00a0pakiet\u00f3w OPTIMUM i PLATINUM mo\u017cesz doda\u0107\u00a0HBO lub Cinemax. Nasze PAKIETY PREMIUM zadowol\u0105 ka\u017cdego widza !!! Na kilku telewizorach jednocze\u015bnie MULTIROOM z mo\u017cliwo\u015bci\u0105 pod\u0142\u0105czenia\u00a0nawet do 4 dodatkowych\u00a0dekoder\u00f3w za niewielk\u0105 miesi\u0119czn\u0105 op\u0142at\u0105 [&hellip;]<\/p>\n","protected":false},"author":1,"featured_media":0,"parent":0,"menu_order":0,"comment_status":"closed","ping_status":"closed","template":"","meta":[],"_links":{"self":[{"href":"https:\/\/neter.pl\/index.php\/wp-json\/wp\/v2\/pages\/421"}],"collection":[{"href":"https:\/\/neter.pl\/index.php\/wp-json\/wp\/v2\/pages"}],"about":[{"href":"https:\/\/neter.pl\/index.php\/wp-json\/wp\/v2\/types\/page"}],"author":[{"embeddable":true,"href":"https:\/\/neter.pl\/index.php\/wp-json\/wp\/v2\/users\/1"}],"replies":[{"embeddable":true,"href":"https:\/\/neter.pl\/index.php\/wp-json\/wp\/v2\/comments?post=421"}],"version-history":[{"count":151,"href":"https:\/\/neter.pl\/index.php\/wp-json\/wp\/v2\/pages\/421\/revisions"}],"predecessor-version":[{"id":1124,"href":"https:\/\/neter.pl\/index.php\/wp-json\/wp\/v2\/pages\/421\/revisions\/1124"}],"wp:attachment":[{"href":"https:\/\/neter.pl\/index.php\/wp-json\/wp\/v2\/media?parent=421"}],"curies":[{"name":"wp","href":"https:\/\/api.w.org\/{rel}","templated":true}]}}