{"id":766,"date":"2017-09-28T13:32:37","date_gmt":"2017-09-28T11:32:37","guid":{"rendered":"https:\/\/www.neter.pl\/?page_id=766"},"modified":"2021-09-13T13:38:14","modified_gmt":"2021-09-13T11:38:14","slug":"kontakt","status":"publish","type":"page","link":"https:\/\/neter.pl\/index.php\/kontakt\/","title":{"rendered":"Kontakt"},"content":{"rendered":"<div id=\"pl-766\"  class=\"panel-layout\" ><div id=\"pg-766-0\"  class=\"panel-grid panel-no-style\" ><div id=\"pgc-766-0-0\"  class=\"panel-grid-cell\" ><div id=\"panel-766-0-0-0\" class=\"so-panel widget widget_sow-editor panel-first-child panel-last-child\" data-index=\"0\" ><div\n\t\t\t\n\t\t\tclass=\"so-widget-sow-editor so-widget-sow-editor-base\"\n\t\t\t\n\t\t><h3 class=\"widget-title\">IT-Networks Sp. z o.o.<\/h3>\n<div class=\"siteorigin-widget-tinymce textwidget\">\n\t<p><strong>Adres siedziby sp\u00f3\u0142ki<\/strong><\/p>\n<p>ul. Czarnkowska 5<\/p>\n<p>64-600 Oborniki<\/p>\n<p><strong>Biuro obs\u0142ugi klienta czynne od poniedzia\u0142ku do pi\u0105tku w godzinach od 8 do 16.<\/strong><\/p>\n<p>ul. Wierzbowa 2<\/p>\n<p>64-600 Oborniki<\/p>\n<p><strong>Tel: 61 666 23 00\/ 61 415 28 88<\/strong><strong><br \/> <\/strong><\/p>\n<p>Adres e-mail: <strong>bok@neter.pl\u00a0 <\/strong>lub<strong> boa@neter.pl\u00a0<\/strong><\/p>\n<p>Wszelkie problemy techniczne prosimy zg\u0142asza\u0107 dy\u017curuj\u0105cemu technikowi od\u00a0<strong>8:00\u00a0<\/strong>do<strong>\u00a016:00<\/strong>\u00a0telefonicznie lub SMS na numer serwisowy\u00a0<strong>695-214-749\u00a0po godzinie 16 prosimy przesy\u0142a\u0107 zg\u0142oszenia przez SMS.<\/strong><\/p>\n<\/div>\n<\/div><\/div><\/div><\/div><\/div>","protected":false},"excerpt":{"rendered":"<p>Adres siedziby sp\u00f3\u0142kiul. Czarnkowska 564-600 ObornikiBiuro obs\u0142ugi klienta czynne od poniedzia\u0142ku do pi\u0105tku w godzinach od 8 do 16.ul. Wierzbowa 264-600 ObornikiTel: 61 666 23 00\/ 61 415 28 88 Adres e-mail: bok@neter.pl\u00a0 lub boa@neter.pl\u00a0Wszelkie problemy techniczne prosimy zg\u0142asza\u0107 dy\u017curuj\u0105cemu technikowi od\u00a08:00\u00a0do\u00a016:00\u00a0telefonicznie lub SMS na numer serwisowy\u00a0695-214-749\u00a0po godzinie 16 prosimy przesy\u0142a\u0107 zg\u0142oszenia przez SMS.<\/p>\n","protected":false},"author":2,"featured_media":0,"parent":0,"menu_order":0,"comment_status":"closed","ping_status":"closed","template":"","meta":[],"_links":{"self":[{"href":"https:\/\/neter.pl\/index.php\/wp-json\/wp\/v2\/pages\/766"}],"collection":[{"href":"https:\/\/neter.pl\/index.php\/wp-json\/wp\/v2\/pages"}],"about":[{"href":"https:\/\/neter.pl\/index.php\/wp-json\/wp\/v2\/types\/page"}],"author":[{"embeddable":true,"href":"https:\/\/neter.pl\/index.php\/wp-json\/wp\/v2\/users\/2"}],"replies":[{"embeddable":true,"href":"https:\/\/neter.pl\/index.php\/wp-json\/wp\/v2\/comments?post=766"}],"version-history":[{"count":36,"href":"https:\/\/neter.pl\/index.php\/wp-json\/wp\/v2\/pages\/766\/revisions"}],"predecessor-version":[{"id":1131,"href":"https:\/\/neter.pl\/index.php\/wp-json\/wp\/v2\/pages\/766\/revisions\/1131"}],"wp:attachment":[{"href":"https:\/\/neter.pl\/index.php\/wp-json\/wp\/v2\/media?parent=766"}],"curies":[{"name":"wp","href":"https:\/\/api.w.org\/{rel}","templated":true}]}}